{"id":998,"date":"2013-08-07T13:36:18","date_gmt":"2013-08-07T11:36:18","guid":{"rendered":"http:\/\/www.kravmaga-lemans.com\/?page_id=998"},"modified":"2025-08-03T15:19:23","modified_gmt":"2025-08-03T13:19:23","slug":"tarifs-2","status":"publish","type":"page","link":"https:\/\/www.kravmaga-lemans.com\/?page_id=998","title":{"rendered":"Inscription\/Tarifs"},"content":{"rendered":"<p style=\"text-align: center;\"><span style=\"color: #ff0000;\"><strong>Saison 2025\/2026<\/strong><\/span><\/p>\n<p>&nbsp;<\/p>\n<p style=\"text-align: justify;\"><span style=\"color: #000000;\">La cotisation comprend l\u2019adh\u00e9sion, la licence f\u00e9d\u00e9rale de 37\u20ac et les frais<a class=\"txvjhgnwd\" style=\"color: #000000;\" title=\"Click to Continue &gt; by ExtraLargeApp\" href=\"#55671934\"> d&rsquo;inscription de 15\u20ac.<\/a><\/span><\/p>\n<p><span style=\"color: #000000;\">La licence FFK est obligatoire pour passer vos grades et participer \u00e0 des stages organis\u00e9s par la FFK et s&rsquo;\u00e9l\u00e8ve \u00e0 : 37 \u20ac, elle est valable pour l&rsquo;ann\u00e9e scolaire en<a class=\"bscszysbq\" style=\"color: #000000;\" title=\"Click to Continue &gt; by ExtraLargeApp\" href=\"#7728222\"> cours<\/a> (de septembre \u00e0 juin).<\/span><\/p>\n<p style=\"text-align: center;\"><strong><span style=\"color: #ff0000;\">TOUTES LES INSCRIPTIONS DOIVENT SE FAIRE EN LIGNE<\/span><\/strong><\/p>\n<p style=\"text-align: center;\">via les liens suivants, en fonction de la formule retenue :<\/p>\n<p>Vous devez choisir une des salles suivantes :<\/p>\n<p>ARNAGE :\u00a0<a href=\"https:\/\/academie-sarthoise-de-taekwondo.assoconnect.com\/collect\/description\/590788-w-cours-krav-maga-salle-arnage-saison-2025-2026\">Salle ARNAGE<\/a><\/p>\n<p>YVRE L&rsquo;EVEQUE : <a href=\"https:\/\/academie-sarthoise-de-taekwondo.assoconnect.com\/collect\/description\/590828-w-cours-krav-maga-salle-yvre-leveque-saison-2025-2026\">Salle YVRE L&rsquo;EVEQUE<\/a><\/p>\n<p>CENTRE VILLE NOTRE DAME :\u00a0<a href=\"https:\/\/academie-sarthoise-de-taekwondo.assoconnect.com\/collect\/description\/590819-w-cours-krav-maga-salle-notre-dame-saison-2025-2026\">Salle CENTRE VILLE NOTRE DAME<\/a><\/p>\n<p>UNIVERSIT\u00c9 :\u00a0<a href=\"https:\/\/academie-sarthoise-de-taekwondo.assoconnect.com\/collect\/description\/590832-w-cours-krav-maga-salle-universite-le-mans-saison-2025-2026\">Salle UNIVERSITE<\/a><\/p>\n<p>PARIGNE L&rsquo;EVEQUE :\u00a0<a href=\"https:\/\/academie-sarthoise-de-taekwondo.assoconnect.com\/collect\/description\/590834-w-cours-krav-maga-salle-parigne-leveque-saison-2025-2026\">Salle PARIGN\u00c9<\/a><\/p>\n<p>SAVIGNE :\u00a0<a href=\"https:\/\/academie-sarthoise-de-taekwondo.assoconnect.com\/collect\/description\/590821-w-cours-krav-maga-salle-savigne-l-eveque-saison-2025-2026\">Salle SAVIGN\u00c9<\/a><\/p>\n<p>ROEZE SUR SARTHE : <a href=\"https:\/\/academie-sarthoise-de-taekwondo.assoconnect.com\/collect\/description\/590825-w-cours-krav-maga-salle-roeze-sur-sarthe-saison-2025-2026\">Salle ROEZE<\/a><\/p>\n<p>Si vous souhaitez souscrire l&rsquo;option FULL (acc\u00e8s \u00e0 tous les cours), cette option est propos\u00e9e dans le formulaire d&rsquo;inscription en ligne apr\u00e8s avoir s\u00e9lectionn\u00e9 une salle de r\u00e9f\u00e9rence.<\/p>\n<p style=\"text-align: center;\"><span style=\"color: #ff0000;\"><strong>&#8212;&#8212;-<\/strong><\/span><\/p>\n<p style=\"text-align: center;\"><span style=\"color: #ff0000;\"><strong>2 choix propos\u00e9s\u00a0<\/strong><\/span><\/p>\n<p><span style=\"color: #ff0000;\"><strong>1- PAIEMENT PAR CB possible en 1, 2, 3 ou 4 fois<\/strong><\/span>. Les ch\u00e8ques bancaires sont accept\u00e9s uniquement en compl\u00e9ment d&rsquo;inscription\u00a0 par ch\u00e8ques vacances, coupons sport, Bon CAF, ch\u00e8ques coll\u00e8ges, PASS&rsquo;SPORT.<\/p>\n<p><strong>OU<\/strong><\/p>\n<p><span style=\"color: #ff0000;\"><strong>2- PAIEMENT AUTRES <\/strong><strong style=\"text-align: center;\">(ch\u00e8ques vacances, coupons sport, Bon CAF, ch\u00e8ques coll\u00e8ges ou esp\u00e8ces)<\/strong><\/span><\/p>\n<p style=\"text-align: justify;\">Pour les paiements par ch\u00e8ques vacances, coupons sport, Bon CAF, ch\u00e8ques coll\u00e8ges, ou esp\u00e8ces, le r\u00e8glement devra se faire sur place pendant les cours &#8211; merci de compl\u00e9ter le formulaire d&rsquo;inscription en ligne sans aller au paiement, l&rsquo;\u00e9diter et remettre votre r\u00e8glement aupr\u00e8s de votre instructeur.<\/p>\n<p style=\"text-align: justify;\">Lors<span style=\"color: #000000;\"> de<a class=\"txvjhgnwd\" style=\"color: #000000;\" title=\"Click to Continue &gt; by ExtraLargeApp\" href=\"#14320443\"> votre inscription<\/a>, pr\u00e9voyez :<\/span><\/p>\n<ul style=\"text-align: justify;\">\n<li><span style=\"color: #000000;\">1 photo d&rsquo;identit\u00e9 \u00e0 t\u00e9l\u00e9charger<\/span><\/li>\n<li><span style=\"color: #000000;\">un certificat m\u00e9dical post\u00e9rieur au 1er juin 2023 attestant<a class=\"ybmqvzpqsb\" style=\"color: #000000;\" title=\"Click to Continue &gt; by ExtraLargeApp\" href=\"#62718552\"> votre<\/a> aptitude physique \u00e0 la pratique des sports de combat &#8211; <strong><span style=\"color: #ff0000;\">OBLIGATOIRE IMPOSE POUR LA FFK<\/span><\/strong><\/span><\/li>\n<\/ul>\n<p style=\"text-align: justify;\"><span style=\"color: #ff6600;\"><strong>L&rsquo;acc\u00e8s aux entra\u00eenements ne sera possible qu&rsquo;apr\u00e8s<a class=\"ilflcalc\" style=\"color: #ff6600; font-variant: normal; font-stretch: normal; font-size: 15px; font-family: 'Helvetica Neue', Helvetica, Arial, sans-serif; font-style: inherit; font-weight: inherit; line-height: 1.625; text-decoration: none;\" title=\"Click to Continue &gt; by ExtraLargeApp\" href=\"http:\/\/kravmaga-lemans.com\/wp-admin\/post.php?post=43&amp;action=edit#1666466\"> inscription<\/a>.<\/strong><\/span><\/p>\n<div class=\"text_exposed_show\" style=\"text-align: justify;\">\n<p><span style=\"color: #ff6600;\"><strong>Concernant la<a class=\"ilflcalc\" style=\"color: #ff6600; font-variant: normal; font-stretch: normal; font-size: 15px; font-family: 'Helvetica Neue', Helvetica, Arial, sans-serif; font-style: inherit; font-weight: inherit; line-height: 1.625; text-decoration: none;\" title=\"Click to Continue &gt; by ExtraLargeApp\" href=\"http:\/\/kravmaga-lemans.com\/wp-admin\/post.php?post=43&amp;action=edit#57398569\"> remise<\/a> et l&rsquo;enregistrement de vos<a class=\"hkofnjmwt\" style=\"color: #ff6600;\" title=\"Click to Continue &gt; by ExtraLargeApp\" href=\"#3825958\"> inscriptions<\/a>, un accueil sera<a class=\"hkofnjmwt\" style=\"color: #ff6600;\" title=\"Click to Continue &gt; by ExtraLargeApp\" href=\"#93791899\"> assur\u00e9<\/a><a class=\"ilflcalc\" style=\"color: #ff6600; font-variant: normal; font-stretch: normal; font-size: 15px; font-family: 'Helvetica Neue', Helvetica, Arial, sans-serif; font-style: inherit; font-weight: inherit; line-height: 1.625; text-decoration: none;\" title=\"Click to Continue &gt; by ExtraLargeApp\" href=\"http:\/\/kravmaga-lemans.com\/wp-admin\/post.php?post=43&amp;action=edit#76679728\"> dans<\/a> les salles <span style=\"color: #ff0000;\">15<\/span><span style=\"text-decoration: underline;\"><span style=\"color: #ff0000; text-decoration: underline;\">mn avant le d\u00e9but des cours<\/span><\/span> pendant les mois de Septembre et Octobre<\/strong><\/span><\/p>\n<\/div>\n<p style=\"text-align: justify;\">\n","protected":false},"excerpt":{"rendered":"<p>Saison 2025\/2026 &nbsp; La cotisation comprend l\u2019adh\u00e9sion, la licence f\u00e9d\u00e9rale de 37\u20ac et les frais d&rsquo;inscription de 15\u20ac. La licence FFK est obligatoire pour passer vos grades et participer \u00e0 des stages organis\u00e9s par la FFK et s&rsquo;\u00e9l\u00e8ve \u00e0 : &hellip; <a href=\"https:\/\/www.kravmaga-lemans.com\/?page_id=998\">Continuer la lecture <span class=\"meta-nav\">&rarr;<\/span><\/a><\/p>\n","protected":false},"author":1,"featured_media":0,"parent":0,"menu_order":0,"comment_status":"closed","ping_status":"open","template":"","meta":{"footnotes":""},"class_list":["post-998","page","type-page","status-publish","hentry"],"_links":{"self":[{"href":"https:\/\/www.kravmaga-lemans.com\/index.php?rest_route=\/wp\/v2\/pages\/998","targetHints":{"allow":["GET"]}}],"collection":[{"href":"https:\/\/www.kravmaga-lemans.com\/index.php?rest_route=\/wp\/v2\/pages"}],"about":[{"href":"https:\/\/www.kravmaga-lemans.com\/index.php?rest_route=\/wp\/v2\/types\/page"}],"author":[{"embeddable":true,"href":"https:\/\/www.kravmaga-lemans.com\/index.php?rest_route=\/wp\/v2\/users\/1"}],"replies":[{"embeddable":true,"href":"https:\/\/www.kravmaga-lemans.com\/index.php?rest_route=%2Fwp%2Fv2%2Fcomments&post=998"}],"version-history":[{"count":102,"href":"https:\/\/www.kravmaga-lemans.com\/index.php?rest_route=\/wp\/v2\/pages\/998\/revisions"}],"predecessor-version":[{"id":2276,"href":"https:\/\/www.kravmaga-lemans.com\/index.php?rest_route=\/wp\/v2\/pages\/998\/revisions\/2276"}],"wp:attachment":[{"href":"https:\/\/www.kravmaga-lemans.com\/index.php?rest_route=%2Fwp%2Fv2%2Fmedia&parent=998"}],"curies":[{"name":"wp","href":"https:\/\/api.w.org\/{rel}","templated":true}]}}