{"id":964,"date":"2013-08-07T13:12:07","date_gmt":"2013-08-07T11:12:07","guid":{"rendered":"http:\/\/www.kravmaga-lemans.com\/?page_id=964"},"modified":"2013-08-07T18:26:32","modified_gmt":"2013-08-07T16:26:32","slug":"historique","status":"publish","type":"page","link":"https:\/\/www.kravmaga-lemans.com\/?page_id=964","title":{"rendered":"Historique"},"content":{"rendered":"<p style=\"text-align: justify;\">Certains colons juifs, pr\u00e9sents sur le territoire de la Palestine avant la cr\u00e9ation de l&rsquo;Etat d&rsquo;Isra\u00ebl, se regroupaient pour s&rsquo;entra\u00eener au combat.<\/p>\n<p style=\"text-align: justify;\">Toutes les inspirations martiales et sports de combat \u00e9taient repr\u00e9sent\u00e9s (Judo, Karat\u00e9, Penchak Silat, Boxe anglaise et fran\u00e7aise, canne de combat et b\u00e2ton) mais aussi des inspirations de close-combat militaires, notamment des S.A.S avec les colonies anglaises, et d&rsquo;autres pratiques d&rsquo;opportunit\u00e9 comme le combat avec couteau, b\u00e2ton ou m\u00eame l&rsquo;art de lancer les cailloux&#8230;<\/p>\n<p style=\"text-align: justify;\">Le nom donn\u00e9 \u00e0 ces diff\u00e9rentes activit\u00e9s martiales par les colons \u00e9tait \u00ab\u00a0KAPAP\u00a0\u00bb, abbr\u00e9viation de krav panim el panim (combat face-\u00e0-face).<\/p>\n<table border=\"0\" align=\"center\">\n<tbody>\n<tr>\n<td>\n<div id=\"sigplus_83a9c9edbbfd4a4b296f9ef5f91f8552\">\n<ul>\n<li><a href=\"http:\/\/www.kravmaga-paris.fr\/images\/images\/israel.png\" rel=\"boxplus-sigplus_83a9c9edbbfd4a4b296f9ef5f91f8552\"><img loading=\"lazy\" decoding=\"async\" id=\"sigplus_83a9c9edbbfd4a4b296f9ef5f91f8552_img0000\" alt=\"Isra&amp;euml;l\" src=\"http:\/\/www.kravmaga-paris.fr\/cache\/vignettes\/d2f2e159201fc40c65d5dd6574c3a3e0.png\" width=\"68\" height=\"150\" \/><\/a><\/li>\n<\/ul>\n<\/div>\n<\/td>\n<td>Lorsque l&rsquo;Etat d&rsquo;Isra\u00ebl a \u00e9t\u00e9 cr\u00e9e en 1948, la premi\u00e8re arm\u00e9e isra\u00e9lienne a vu le jour et le nom de Kapap a \u00e9t\u00e9 repris pour d\u00e9signer l&rsquo;art du combat au corps-\u00e0-corps des militaires.Quelques ann\u00e9es plus tard, l&rsquo;arm\u00e9e isra\u00e9lienne changea le nom de Kapap en Krav maga (que l&rsquo;on peut traduire litt\u00e9ralement par combat contact ou combat rapproch\u00e9 en fran\u00e7ais\u00a0et par close-combat en anglais).<\/td>\n<\/tr>\n<\/tbody>\n<\/table>\n<table border=\"0\" align=\"center\">\n<tbody>\n<tr>\n<td>Imi Lichtenfeld \u00e9tait un des instructeurs de Kapap, puis de Krav Maga de l&rsquo;arm\u00e9e isra\u00e9lienne.<\/p>\n<p>A sa retraite, Imi ouvrit un club \u00e0 Netanya (banlieue baln\u00e9aire de Tel-Aviv) qu&rsquo;il\u00a0appela\u00a0IKMA (Israeli Krav Maga Association).<\/td>\n<td>\n<div id=\"sigplus_727a2360af5688c063567d85932bd605\">\n<ul>\n<li><a href=\"http:\/\/www.kravmaga-paris.fr\/images\/images\/imi_lichtenfeld.png\" rel=\"boxplus-sigplus_727a2360af5688c063567d85932bd605\"><img loading=\"lazy\" decoding=\"async\" id=\"sigplus_727a2360af5688c063567d85932bd605_img0000\" alt=\"Imi Lichtenfeld\" src=\"http:\/\/www.kravmaga-paris.fr\/cache\/vignettes\/153f092e9aeb677225bae57b52d95706.png\" width=\"104\" height=\"124\" \/><\/a><\/li>\n<\/ul>\n<\/div>\n<\/td>\n<\/tr>\n<\/tbody>\n<\/table>\n<p style=\"text-align: justify;\">Parmi les plus anciens instructeurs qui repr\u00e9sentent aujourd&rsquo;hui les plus grandes \u00e9coles de Krav Maga en Isra\u00ebl, nous pouvons citer Ha\u00efm Guidon, Ha\u00efm Zut et Eyal Yanilov.<\/p>\n<p style=\"text-align: justify;\">\n","protected":false},"excerpt":{"rendered":"<p>Certains colons juifs, pr\u00e9sents sur le territoire de la Palestine avant la cr\u00e9ation de l&rsquo;Etat d&rsquo;Isra\u00ebl, se regroupaient pour s&rsquo;entra\u00eener au combat. Toutes les inspirations martiales et sports de combat \u00e9taient repr\u00e9sent\u00e9s (Judo, Karat\u00e9, Penchak Silat, Boxe anglaise et fran\u00e7aise, &hellip; <a href=\"https:\/\/www.kravmaga-lemans.com\/?page_id=964\">Continuer la lecture <span class=\"meta-nav\">&rarr;<\/span><\/a><\/p>\n","protected":false},"author":1,"featured_media":0,"parent":0,"menu_order":0,"comment_status":"closed","ping_status":"open","template":"","meta":{"footnotes":""},"class_list":["post-964","page","type-page","status-publish","hentry"],"_links":{"self":[{"href":"https:\/\/www.kravmaga-lemans.com\/index.php?rest_route=\/wp\/v2\/pages\/964","targetHints":{"allow":["GET"]}}],"collection":[{"href":"https:\/\/www.kravmaga-lemans.com\/index.php?rest_route=\/wp\/v2\/pages"}],"about":[{"href":"https:\/\/www.kravmaga-lemans.com\/index.php?rest_route=\/wp\/v2\/types\/page"}],"author":[{"embeddable":true,"href":"https:\/\/www.kravmaga-lemans.com\/index.php?rest_route=\/wp\/v2\/users\/1"}],"replies":[{"embeddable":true,"href":"https:\/\/www.kravmaga-lemans.com\/index.php?rest_route=%2Fwp%2Fv2%2Fcomments&post=964"}],"version-history":[{"count":2,"href":"https:\/\/www.kravmaga-lemans.com\/index.php?rest_route=\/wp\/v2\/pages\/964\/revisions"}],"predecessor-version":[{"id":1044,"href":"https:\/\/www.kravmaga-lemans.com\/index.php?rest_route=\/wp\/v2\/pages\/964\/revisions\/1044"}],"wp:attachment":[{"href":"https:\/\/www.kravmaga-lemans.com\/index.php?rest_route=%2Fwp%2Fv2%2Fmedia&parent=964"}],"curies":[{"name":"wp","href":"https:\/\/api.w.org\/{rel}","templated":true}]}}