{"id":958,"date":"2013-08-07T13:08:15","date_gmt":"2013-08-07T11:08:15","guid":{"rendered":"http:\/\/www.kravmaga-lemans.com\/?page_id=958"},"modified":"2013-08-07T13:30:20","modified_gmt":"2013-08-07T11:30:20","slug":"travail-sous-stress","status":"publish","type":"page","link":"https:\/\/www.kravmaga-lemans.com\/?page_id=958","title":{"rendered":"Travail sous stress"},"content":{"rendered":"<p style=\"text-align: justify;\">Il est bien beau de conna\u00eetre de belles techniques, encore faut-il arriver \u00e0 les placer \u00ab\u00a0sur le terrain\u00a0\u00bb !<\/p>\n<p style=\"text-align: justify;\">En effet, m\u00eame un tr\u00e8s bon technicien, s&rsquo;il n&rsquo;est pas habitu\u00e9 au travail \u00ab\u00a0sous stress\u00a0\u00bb, peut arriver \u00e0 perdre tous ses moyens en situation r\u00e9elle.<\/p>\n<p style=\"text-align: justify;\">Par exemple, \u00e0 la vue d&rsquo;un couteau dans la rue, votre fr\u00e9quence cardiaque peut monter \u00e0 plus de 160 pulsations par minutes sans aucun effort physique au pr\u00e9alable et ce juste avec l&rsquo;impact psychologique.<\/p>\n<p style=\"text-align: justify;\">Il est donc important de s&rsquo;entra\u00eener avec un rythme cardiaque \u00e9lev\u00e9 pour essayer de recr\u00e9er une situation de stress et ainsi de s&rsquo;approcher de la r\u00e9alit\u00e9.<\/p>\n<p style=\"text-align: justify;\">Une fois que l&rsquo;on a appris des techniques, on va essayer de les faire ressortir en situation r\u00e9flexe, en encha\u00eenant des d\u00e9fenses sur plusieurs adversaires et ce apr\u00e8s avoir fait des exercices physiques (pompes, abdos, squats, courses, sauts, ramper, frappes au bouclier\u2026) ou en fermant les yeux au d\u00e9part, ou encore en cr\u00e9ant des d\u00e9s\u00e9quilibres (tourner sur soi en fermant les yeux\u2026).<br \/>\nLe but est de nous faire travailler la facult\u00e9 d&rsquo;adaptation.<\/p>\n","protected":false},"excerpt":{"rendered":"<p>Il est bien beau de conna\u00eetre de belles techniques, encore faut-il arriver \u00e0 les placer \u00ab\u00a0sur le terrain\u00a0\u00bb ! En effet, m\u00eame un tr\u00e8s bon technicien, s&rsquo;il n&rsquo;est pas habitu\u00e9 au travail \u00ab\u00a0sous stress\u00a0\u00bb, peut arriver \u00e0 perdre tous ses &hellip; <a href=\"https:\/\/www.kravmaga-lemans.com\/?page_id=958\">Continuer la lecture <span class=\"meta-nav\">&rarr;<\/span><\/a><\/p>\n","protected":false},"author":1,"featured_media":0,"parent":0,"menu_order":0,"comment_status":"closed","ping_status":"open","template":"","meta":{"footnotes":""},"class_list":["post-958","page","type-page","status-publish","hentry"],"_links":{"self":[{"href":"https:\/\/www.kravmaga-lemans.com\/index.php?rest_route=\/wp\/v2\/pages\/958","targetHints":{"allow":["GET"]}}],"collection":[{"href":"https:\/\/www.kravmaga-lemans.com\/index.php?rest_route=\/wp\/v2\/pages"}],"about":[{"href":"https:\/\/www.kravmaga-lemans.com\/index.php?rest_route=\/wp\/v2\/types\/page"}],"author":[{"embeddable":true,"href":"https:\/\/www.kravmaga-lemans.com\/index.php?rest_route=\/wp\/v2\/users\/1"}],"replies":[{"embeddable":true,"href":"https:\/\/www.kravmaga-lemans.com\/index.php?rest_route=%2Fwp%2Fv2%2Fcomments&post=958"}],"version-history":[{"count":2,"href":"https:\/\/www.kravmaga-lemans.com\/index.php?rest_route=\/wp\/v2\/pages\/958\/revisions"}],"predecessor-version":[{"id":991,"href":"https:\/\/www.kravmaga-lemans.com\/index.php?rest_route=\/wp\/v2\/pages\/958\/revisions\/991"}],"wp:attachment":[{"href":"https:\/\/www.kravmaga-lemans.com\/index.php?rest_route=%2Fwp%2Fv2%2Fmedia&parent=958"}],"curies":[{"name":"wp","href":"https:\/\/api.w.org\/{rel}","templated":true}]}}