{"id":956,"date":"2013-08-07T13:08:00","date_gmt":"2013-08-07T11:08:00","guid":{"rendered":"http:\/\/www.kravmaga-lemans.com\/?page_id=956"},"modified":"2013-08-07T13:29:26","modified_gmt":"2013-08-07T11:29:26","slug":"defense-a-360","status":"publish","type":"page","link":"https:\/\/www.kravmaga-lemans.com\/?page_id=956","title":{"rendered":"D\u00e9fense \u00e0 360\u00b0"},"content":{"rendered":"<p style=\"text-align: justify;\">Dans les arts martiaux traditionnels, bien souvent on se d\u00e9fend en position de garde, face \u00e0 face, \u00e0 2 ou 3 m\u00e8tres l&rsquo;un de l&rsquo;autre, et m\u00eame parfois on annonce \u00e0 l&rsquo;adversaire le coup qui va arriver.<\/p>\n<p style=\"text-align: justify;\">En Krav Maga, apr\u00e8s avoir r\u00e9p\u00e9t\u00e9 plusieurs fois la technique de d\u00e9fense, face \u00e0 face, en garde active, en garde passive, en position neutre, on devra s&rsquo;adapter pour se faire attaquer de c\u00f4t\u00e9, de dos, en variant les distances\u2026mais aussi plaqu\u00e9 contre un mur, assis, couch\u00e9\u2026d\u2019o\u00f9 \u00ab travail \u00e0 360\u00b0 \u00bb, toutes distances et depuis toutes les positions de d\u00e9part.<\/p>\n","protected":false},"excerpt":{"rendered":"<p>Dans les arts martiaux traditionnels, bien souvent on se d\u00e9fend en position de garde, face \u00e0 face, \u00e0 2 ou 3 m\u00e8tres l&rsquo;un de l&rsquo;autre, et m\u00eame parfois on annonce \u00e0 l&rsquo;adversaire le coup qui va arriver. En Krav Maga, &hellip; <a href=\"https:\/\/www.kravmaga-lemans.com\/?page_id=956\">Continuer la lecture <span class=\"meta-nav\">&rarr;<\/span><\/a><\/p>\n","protected":false},"author":1,"featured_media":0,"parent":0,"menu_order":0,"comment_status":"closed","ping_status":"open","template":"","meta":{"footnotes":""},"class_list":["post-956","page","type-page","status-publish","hentry"],"_links":{"self":[{"href":"https:\/\/www.kravmaga-lemans.com\/index.php?rest_route=\/wp\/v2\/pages\/956","targetHints":{"allow":["GET"]}}],"collection":[{"href":"https:\/\/www.kravmaga-lemans.com\/index.php?rest_route=\/wp\/v2\/pages"}],"about":[{"href":"https:\/\/www.kravmaga-lemans.com\/index.php?rest_route=\/wp\/v2\/types\/page"}],"author":[{"embeddable":true,"href":"https:\/\/www.kravmaga-lemans.com\/index.php?rest_route=\/wp\/v2\/users\/1"}],"replies":[{"embeddable":true,"href":"https:\/\/www.kravmaga-lemans.com\/index.php?rest_route=%2Fwp%2Fv2%2Fcomments&post=956"}],"version-history":[{"count":2,"href":"https:\/\/www.kravmaga-lemans.com\/index.php?rest_route=\/wp\/v2\/pages\/956\/revisions"}],"predecessor-version":[{"id":990,"href":"https:\/\/www.kravmaga-lemans.com\/index.php?rest_route=\/wp\/v2\/pages\/956\/revisions\/990"}],"wp:attachment":[{"href":"https:\/\/www.kravmaga-lemans.com\/index.php?rest_route=%2Fwp%2Fv2%2Fmedia&parent=956"}],"curies":[{"name":"wp","href":"https:\/\/api.w.org\/{rel}","templated":true}]}}