{"id":948,"date":"2013-08-07T13:06:42","date_gmt":"2013-08-07T11:06:42","guid":{"rendered":"http:\/\/www.kravmaga-lemans.com\/?page_id=948"},"modified":"2013-08-07T13:34:24","modified_gmt":"2013-08-07T11:34:24","slug":"reflexivite","status":"publish","type":"page","link":"https:\/\/www.kravmaga-lemans.com\/?page_id=948","title":{"rendered":"R\u00e9flexivit\u00e9"},"content":{"rendered":"<p style=\"text-align: justify;\"><span style=\"text-align: justify;\">A l\u2019origine, le Krav Maga a \u00e9t\u00e9 mis au point pour l&rsquo;arm\u00e9e isra\u00e9lienne.\u2028 Il fallait une m\u00e9thode rapide \u00e0 mettre en \u0153uvre pour que les soldats puissent \u00eatre op\u00e9rationnels en quelques mois.<\/span><\/p>\n<p style=\"text-align: justify;\">Des tests ont \u00e9t\u00e9 mis en place par les militaires pour voir quels \u00e9taient les mouvements de d\u00e9fense naturels et instinctifs sur diverses agressions.<\/p>\n<p style=\"text-align: justify;\">Comment r\u00e9agissent la plupart des personnes \u00e9trangl\u00e9es par surprise ? La majorit\u00e9 r\u00e9agira en apposant ses mains sur les mains de l&rsquo;agresseur pour soulager l&rsquo;\u00e9treinte : c&rsquo;est l&rsquo;instinct de survie.<br \/>\nComment r\u00e9agit-on sur un coup de poing circulaire au visage ? La majorit\u00e9 r\u00e9agit comme un enfant r\u00e9agira s&rsquo;il voit une gifle arriver. Il se prot\u00e9gera du c\u00f4t\u00e9 de l&rsquo;attaque avec la main ouverte la plus proche. Il ne fera pas une esquive ou un blocage sophistiqu\u00e9. On va ainsi faire\u00a0resurgir\u00a0en nous le geste de l&rsquo;enfant, le r\u00e9flexe naturel, l&rsquo;instinct de survie pour se prot\u00e9ger.<\/p>\n<p style=\"text-align: justify;\">Par la suite, on ajoutera des percussions sur des points sensibles pour neutraliser rapidement l&rsquo;agresseur. Le geste de d\u00e9fense que l&rsquo;on va r\u00e9p\u00e9ter pour l&rsquo;int\u00e9grer sera une d\u00e9fense issue ou tr\u00e8s proche du r\u00e9flexe naturel, de l&rsquo;instinct animal de survie, suivie de frappes courtes, rapides sur des points vitaux. L&rsquo;automatisme (ou r\u00e9flexe conditionn\u00e9) aura donc pour d\u00e9part le r\u00e9flexe naturel, l&rsquo;instinct \u00ab\u00a0primaire\u00a0\u00bb.<\/p>\n<p style=\"text-align: justify;\">Avantages :<\/p>\n<ul style=\"text-align: justify;\">\n<li>L&rsquo;apprentissage sera tr\u00e8s rapide, car nous avons en nous naturellement toutes les \u00ab\u00a0cl\u00e9s\u00a0\u00bb, il suffira de les \u00ab\u00a0r\u00e9veiller\u00a0\u00bb par un entra\u00eenement adapt\u00e9. En 3 \u00e0 4 mois environ, \u00e0 raison de 2 cours par semaine, on aura acquis la base de la gestuelle n\u00e9cessaire \u00e0 sa survie en cas d&rsquo;agression, alors qu&rsquo;il faut de 3 \u00e0 4 ans pour\u00a0ma\u00eetriser\u00a0les bases d&rsquo;un art martial.<\/li>\n<li>Une fois l\u2019automatisme acquis, la gestuelle de d\u00e9fense restera quasi-intacte et ce tr\u00e8s longtemps avec peu ou pas d&rsquo;entrainement, car elle est proche du geste instinctif.<\/li>\n<\/ul>\n<p style=\"text-align: justify;\">Le principe de r\u00e9flexivit\u00e9, le fait que les mouvements appris soient issus du r\u00e9flexe naturel, est la particularit\u00e9 principale du Krav Maga.<\/p>\n<p style=\"text-align: justify;\">On continue de nos jours \u00e0 effectuer des jeux de r\u00f4les \u00ab\u00a0agresseurs &#8211; d\u00e9fenseur\u00a0\u00bb pour voir quels sont les gestes instinctifs de survie sur telle ou telle agression et ce dans tel ou tel contexte.<\/p>\n<p style=\"text-align: justify;\">Ainsi, on voit sur le terrain, en situation, quel est le premier geste de survie, puis on y rajoute la riposte adapt\u00e9e pour en faire un automatisme, contrairement aux arts martiaux ou syst\u00e8mes de self-d\u00e9fense traditionnels qui r\u00e9p\u00e8tent des\u00a0encha\u00eenements\u00a0techniques, des automatismes pour esp\u00e9rer les ressortir en situation d&rsquo;agression.<br \/>\nOr, on se rend compte qu&rsquo;avec l&rsquo;effet de surprise et le stress, les automatismes acquis dans les arts martiaux traditionnels ont beaucoup de mal \u00e0 \u00ab\u00a0passer\u00a0\u00bb dans la rue, en situation d&rsquo;agression r\u00e9elle.<\/p>\n<p style=\"text-align: justify;\">Notre d\u00e9marche p\u00e9dagogique est diff\u00e9rente car :<\/p>\n<blockquote>\n<p style=\"text-align: center;\">\u00a0\u00bb en Krav Maga, on part du terrain pour travailler la salle\u00a0d&rsquo;entra\u00eenement,<br \/>\net non de la salle d&rsquo;entra\u00eenement pour pr\u00e9parer le terrain\u00a0\u00bb.<\/p>\n<\/blockquote>\n","protected":false},"excerpt":{"rendered":"<p>A l\u2019origine, le Krav Maga a \u00e9t\u00e9 mis au point pour l&rsquo;arm\u00e9e isra\u00e9lienne.\u2028 Il fallait une m\u00e9thode rapide \u00e0 mettre en \u0153uvre pour que les soldats puissent \u00eatre op\u00e9rationnels en quelques mois. Des tests ont \u00e9t\u00e9 mis en place par &hellip; <a href=\"https:\/\/www.kravmaga-lemans.com\/?page_id=948\">Continuer la lecture <span class=\"meta-nav\">&rarr;<\/span><\/a><\/p>\n","protected":false},"author":1,"featured_media":0,"parent":0,"menu_order":0,"comment_status":"closed","ping_status":"open","template":"","meta":{"footnotes":""},"class_list":["post-948","page","type-page","status-publish","hentry"],"_links":{"self":[{"href":"https:\/\/www.kravmaga-lemans.com\/index.php?rest_route=\/wp\/v2\/pages\/948","targetHints":{"allow":["GET"]}}],"collection":[{"href":"https:\/\/www.kravmaga-lemans.com\/index.php?rest_route=\/wp\/v2\/pages"}],"about":[{"href":"https:\/\/www.kravmaga-lemans.com\/index.php?rest_route=\/wp\/v2\/types\/page"}],"author":[{"embeddable":true,"href":"https:\/\/www.kravmaga-lemans.com\/index.php?rest_route=\/wp\/v2\/users\/1"}],"replies":[{"embeddable":true,"href":"https:\/\/www.kravmaga-lemans.com\/index.php?rest_route=%2Fwp%2Fv2%2Fcomments&post=948"}],"version-history":[{"count":5,"href":"https:\/\/www.kravmaga-lemans.com\/index.php?rest_route=\/wp\/v2\/pages\/948\/revisions"}],"predecessor-version":[{"id":994,"href":"https:\/\/www.kravmaga-lemans.com\/index.php?rest_route=\/wp\/v2\/pages\/948\/revisions\/994"}],"wp:attachment":[{"href":"https:\/\/www.kravmaga-lemans.com\/index.php?rest_route=%2Fwp%2Fv2%2Fmedia&parent=948"}],"curies":[{"name":"wp","href":"https:\/\/api.w.org\/{rel}","templated":true}]}}