{"id":800,"date":"2013-08-06T13:12:14","date_gmt":"2013-08-06T11:12:14","guid":{"rendered":"http:\/\/www.kravmaga-lemans.com\/?page_id=800"},"modified":"2021-06-23T11:29:56","modified_gmt":"2021-06-23T09:29:56","slug":"nous-contacter-2","status":"publish","type":"page","link":"https:\/\/www.kravmaga-lemans.com\/?page_id=800","title":{"rendered":"CONTACT"},"content":{"rendered":"<h1 style=\"text-align: center;\"><strong><span style=\"color: #ff6600;\">AKM &#8211; Contactez-nous<\/span><\/strong><\/h1>\n<p style=\"text-align: center;\">Pour tout renseignement, n&rsquo;h\u00e9sitez pas \u00e0 nous contacter<\/p>\n<p style=\"text-align: center;\">Secr\u00e9tariat par\u00a0email : contact.academiekm72@gmail.com<\/p>\n","protected":false},"excerpt":{"rendered":"<p>AKM &#8211; Contactez-nous Pour tout renseignement, n&rsquo;h\u00e9sitez pas \u00e0 nous contacter Secr\u00e9tariat par\u00a0email : contact.academiekm72@gmail.com<\/p>\n","protected":false},"author":1,"featured_media":0,"parent":0,"menu_order":0,"comment_status":"closed","ping_status":"open","template":"","meta":{"footnotes":""},"class_list":["post-800","page","type-page","status-publish","hentry"],"_links":{"self":[{"href":"https:\/\/www.kravmaga-lemans.com\/index.php?rest_route=\/wp\/v2\/pages\/800","targetHints":{"allow":["GET"]}}],"collection":[{"href":"https:\/\/www.kravmaga-lemans.com\/index.php?rest_route=\/wp\/v2\/pages"}],"about":[{"href":"https:\/\/www.kravmaga-lemans.com\/index.php?rest_route=\/wp\/v2\/types\/page"}],"author":[{"embeddable":true,"href":"https:\/\/www.kravmaga-lemans.com\/index.php?rest_route=\/wp\/v2\/users\/1"}],"replies":[{"embeddable":true,"href":"https:\/\/www.kravmaga-lemans.com\/index.php?rest_route=%2Fwp%2Fv2%2Fcomments&post=800"}],"version-history":[{"count":7,"href":"https:\/\/www.kravmaga-lemans.com\/index.php?rest_route=\/wp\/v2\/pages\/800\/revisions"}],"predecessor-version":[{"id":2184,"href":"https:\/\/www.kravmaga-lemans.com\/index.php?rest_route=\/wp\/v2\/pages\/800\/revisions\/2184"}],"wp:attachment":[{"href":"https:\/\/www.kravmaga-lemans.com\/index.php?rest_route=%2Fwp%2Fv2%2Fmedia&parent=800"}],"curies":[{"name":"wp","href":"https:\/\/api.w.org\/{rel}","templated":true}]}}