{"id":780,"date":"2013-08-06T12:34:50","date_gmt":"2013-08-06T10:34:50","guid":{"rendered":"http:\/\/www.kravmaga-lemans.com\/?page_id=780"},"modified":"2016-02-04T19:13:48","modified_gmt":"2016-02-04T18:13:48","slug":"couteau","status":"publish","type":"page","link":"https:\/\/www.kravmaga-lemans.com\/?page_id=780","title":{"rendered":"Couteau"},"content":{"rendered":"<h1 style=\"text-align: justify;\"><strong><span style=\"color: #ff6600;\"><em>Cours sp\u00e9cifique couteau<\/em><\/span><\/strong><\/h1>\n<p style=\"text-align: justify;\"><span style=\"color: #ff6600;\"><em><strong>Apprendre \u00e0 survivre lors d\u2019une attaque au couteau<\/strong><\/em><\/span><\/p>\n<p style=\"text-align: justify;\"><span style=\"color: #ff6600;\"><em><strong>L\u2019apprentissage des techniques de d\u00e9fenses contre couteau est devenu une n\u00e9cessit\u00e9, \u00e0 cause de l\u2019augmentation du nombre d\u2019agressions avec armes blanches\u00a0<\/strong><strong>.<\/strong><\/em><\/span><\/p>\n<p style=\"text-align: justify;\"><strong>Vous verrez des r\u00e9ponses, tactiques et d\u00e9fenses qui ne sont jamais abord\u00e9es en cours d\u2019arts martiaux.<\/strong><\/p>\n<p style=\"text-align: justify;\"><strong>&#8211;\u00a0De nos jours, les agressions sont souvent r\u00e9alis\u00e9es avec une arme et dans de nombreux cas avec une arme blanche. Sachant que lors d\u2019une confrontation avec une arme blanche, il y a de forte chance que vous soyez coup\u00e9 ou tu\u00e9, mon premier conseil est de fuir, car l\u2019issue peut \u00eatre fatale\u2026.<\/strong><br \/>\n&#8211; Une attaque au couteau doit \u00eatre consid\u00e9r\u00e9e s\u00e9rieusement et la d\u00e9fense doit \u00eatre percutante avec des techniques bien\u00a0ma\u00eetris\u00e9es\u00a0car rien ne doit \u00eatre laiss\u00e9 au hasard<br \/>\n&#8211; Face \u00e0 une attaque au couteau, le facteur psychologique est tr\u00e8s important<br \/>\n&#8211; L\u2019apparition d\u2019une arme dans un conflit, doit vous mettre en mode reptilien c\u2019est-\u00e0-dire en mode \u00ab survie \u00bb et non pas en mode de d\u00e9fense classique<br \/>\n&#8211; Beaucoup de personnes cherchent donc une solution miracle dans les arts martiaux ou des syst\u00e8mes de d\u00e9fense moderne : la seule solution est de pr\u00e9parer mentalement et physiquement en participant \u00e0 des\u00a0entra\u00eenements\u00a0les plus r\u00e9alistes possibles avec des mises en situation, afin de garder \u00e0 l\u2019esprit le danger et la r\u00e9alit\u00e9 du combat de survie<br \/>\n&#8211; Les professeurs d\u2019arts martiaux doivent donc \u00eatre honn\u00eates et responsables envers leurs \u00e9l\u00e8ves. : il ne faut pas donner des fausses certitudes et une trop grande confiance dans les techniques propos\u00e9es<br \/>\n&#8211; Si vous ne pouvez fuir, il va falloir frapper durement, en visant exclusivement les points vitaux en ne laissant aucune chance \u00e0 votre agresseur<\/p>\n<p style=\"text-align: justify;\"><strong>Cela fait 21 ans que j\u2019\u00e9tudie le couteau aussi bien en d\u00e9fense qu\u2019en attaque et mon analyse est la suivante : il faut tout d\u2019abord conna\u00eetre les diff\u00e9rents types d\u2019attaque possibles et ensuite trouver les techniques de d\u00e9fense adapt\u00e9es.<\/strong><\/p>\n<p style=\"text-align: justify;\"><strong><strong>Dans mes cours, nous nous\u00a0entra\u00eenons\u00a0sur 2 th\u00e9matiques d\u2019agression bien distinctes :<\/strong><\/strong><\/p>\n<p style=\"text-align: justify;\"><strong>1\/ On voit le couteau ( avec 2 cas de figures possibles )<\/strong><\/p>\n<p style=\"text-align: justify;\">a\/ Avec un agresseur qui ne met pas la lame en contact avec la victime<\/p>\n<p style=\"text-align: justify;\">b\/ L\u2019arme est positionn\u00e9e sur le corps de la victime<\/p>\n<p style=\"text-align: justify;\">&#8211; Dans ces 2 cas, ce sont des menaces ou intimidations avec arme blanche ( avec comme objectif le vol\u2026), ou quand une personne en situation de conflit saisie une arme blanche de col\u00e8re ( lors d\u2019un conflit familial par exemple ).<br \/>\n&#8211; Si la n\u00e9gociation n\u2019est pas efficace, dans le cas\u00a0<strong>\u00ab a \u00bb<\/strong>\u00a0il y aura soit encore la possibilit\u00e9 de fuir (la meilleure solution pour moi), de reprendre une distance de s\u00e9curit\u00e9 ou soit en dernier lieu ( dans le cas<strong>\u00ab b \u00bb\u00a0<\/strong>de riposter rapidement et brutalement en touchant les points vitaux.<\/p>\n<p style=\"text-align: justify;\"><strong>2\/ On ne voit pas le couteau.<\/strong><\/p>\n<p style=\"text-align: justify;\">&#8211; Dans ce cas pr\u00e9cis, comme on ne verra pas le couteau, toutes techniques ou tactiques sp\u00e9cifiques seront impossible \u00e0 appliquer (\u00e0 moins d\u2019avoir des dons de voyance) : vous ne pourrez compter que sur la chance ou la maladresse de l\u2019agresseur\u2026<\/p>\n<p style=\"text-align: justify;\"><strong><strong>En d\u00e9fense de rue, il faut \u00eatre ouvert d\u2019esprit, curieux, \u00eatre humble et ne pas avoir peur de se remettre en question, (personne ne d\u00e9tient la v\u00e9rit\u00e9) en s\u2019entra\u00eenant avec des exercices se rapprochant le plus de la r\u00e9alit\u00e9.<\/strong><\/strong><\/p>\n<p style=\"text-align: justify;\">&#8211;\u00a0<strong>Ne tricher pas \u00e0 l\u2019entrainement et avec vos \u00e9l\u00e8ves si vous enseignez car vous risquez de le payer cher en cas d\u2019agression au couteau.<\/strong>Les attaques au couteau ne seront plus l\u2019inconnu pour vous, vous\u00a0conna\u00eetrez\u00a0vos limites, vous serez en capacit\u00e9 de r\u00e9agir avec des parades simples et aurez une vision bien diff\u00e9rente du couteau dans sa globalit\u00e9.<\/p>\n<p style=\"text-align: justify;\"><strong>Karim MAHAOUI propose une m\u00e9thode d\u2019entrainement r\u00e9aliste ou vous apprendrez \u00e0 vous d\u00e9fendre \u00e0 travers des exercices de mises en situation diff\u00e9rents (avec un environnement diff\u00e9rent constitu\u00e9 de chaises et tables\u2026) et \u00e0 conna\u00eetre des types de couteaux et attaques tr\u00e8s vari\u00e9es.<\/strong><\/p>\n","protected":false},"excerpt":{"rendered":"<p>Cours sp\u00e9cifique couteau Apprendre \u00e0 survivre lors d\u2019une attaque au couteau L\u2019apprentissage des techniques de d\u00e9fenses contre couteau est devenu une n\u00e9cessit\u00e9, \u00e0 cause de l\u2019augmentation du nombre d\u2019agressions avec armes blanches\u00a0. Vous verrez des r\u00e9ponses, tactiques et d\u00e9fenses qui &hellip; <a href=\"https:\/\/www.kravmaga-lemans.com\/?page_id=780\">Continuer la lecture <span class=\"meta-nav\">&rarr;<\/span><\/a><\/p>\n","protected":false},"author":1,"featured_media":0,"parent":0,"menu_order":0,"comment_status":"closed","ping_status":"open","template":"","meta":{"footnotes":""},"class_list":["post-780","page","type-page","status-publish","hentry"],"_links":{"self":[{"href":"https:\/\/www.kravmaga-lemans.com\/index.php?rest_route=\/wp\/v2\/pages\/780","targetHints":{"allow":["GET"]}}],"collection":[{"href":"https:\/\/www.kravmaga-lemans.com\/index.php?rest_route=\/wp\/v2\/pages"}],"about":[{"href":"https:\/\/www.kravmaga-lemans.com\/index.php?rest_route=\/wp\/v2\/types\/page"}],"author":[{"embeddable":true,"href":"https:\/\/www.kravmaga-lemans.com\/index.php?rest_route=\/wp\/v2\/users\/1"}],"replies":[{"embeddable":true,"href":"https:\/\/www.kravmaga-lemans.com\/index.php?rest_route=%2Fwp%2Fv2%2Fcomments&post=780"}],"version-history":[{"count":11,"href":"https:\/\/www.kravmaga-lemans.com\/index.php?rest_route=\/wp\/v2\/pages\/780\/revisions"}],"predecessor-version":[{"id":1722,"href":"https:\/\/www.kravmaga-lemans.com\/index.php?rest_route=\/wp\/v2\/pages\/780\/revisions\/1722"}],"wp:attachment":[{"href":"https:\/\/www.kravmaga-lemans.com\/index.php?rest_route=%2Fwp%2Fv2%2Fmedia&parent=780"}],"curies":[{"name":"wp","href":"https:\/\/api.w.org\/{rel}","templated":true}]}}