{"id":69,"date":"2011-11-14T15:26:52","date_gmt":"2011-11-14T14:26:52","guid":{"rendered":"http:\/\/kravmaga-lemans.com\/wp\/?page_id=69"},"modified":"2013-08-07T20:37:30","modified_gmt":"2013-08-07T18:37:30","slug":"votre-club","status":"publish","type":"page","link":"https:\/\/www.kravmaga-lemans.com\/?page_id=69","title":{"rendered":"La structure"},"content":{"rendered":"<p style=\"text-align: center;\"><span style=\"text-align: justify;\">L\u2019<\/span><b style=\"text-align: justify;\">A<\/b><span style=\"text-align: justify;\">cad\u00e9mie de <\/span><b style=\"text-align: justify;\">K<\/b><span style=\"text-align: justify;\">rav <\/span><b style=\"text-align: justify;\">M<\/b><span style=\"text-align: justify;\">aga (<\/span><b style=\"text-align: justify;\">A.K.M.)<\/b><span style=\"text-align: justify;\"> est une structure associative, agr\u00e9\u00e9e Jeunesse et Sport qui a comme objectif :<\/span><\/p>\n<ul style=\"text-align: justify;\">\n<li><b>De d\u00e9velopper le Krav Maga et ses techniques de Self D\u00e9fense<\/b> dans la France<\/li>\n<li><b>De permettre \u00e0 tous de se d\u00e9fendre efficacement, en tr\u00e8s peu de temps<\/b>, sans condition physique particuli\u00e8re avec une m\u00e9thode d\u2019Auto-D\u00e9fense urbaine applicable en situation de stress.<\/li>\n<li><b>De former int\u00e9gralement des instructeurs comp\u00e9tents<\/b> afin de diffuser un enseignement de qualit\u00e9<\/li>\n<li><b>De former et placer<\/b> les enseignants en Krav Maga dipl\u00f4m\u00e9s F.F.K.D.A.<\/li>\n<\/ul>\n<p style=\"text-align: justify;\"><b>\u00a0<a href=\"http:\/\/kravmaga-lemans.com\/wp-content\/uploads\/2013\/08\/index.jpg\"><img loading=\"lazy\" decoding=\"async\" class=\"aligncenter size-full wp-image-774\" alt=\"index\" src=\"http:\/\/kravmaga-lemans.com\/wp-content\/uploads\/2013\/08\/index.jpg\" width=\"318\" height=\"159\" srcset=\"http:\/\/kravmaga-lemans.com\/wp-content\/uploads\/2013\/08\/index.jpg 318w, http:\/\/kravmaga-lemans.com\/wp-content\/uploads\/2013\/08\/index-300x150.jpg 300w\" sizes=\"auto, (max-width: 318px) 100vw, 318px\" \/><\/a><\/b><\/p>\n<p style=\"text-align: justify;\" align=\"center\"><strong><span style=\"color: #ff9900;\">4 bonnes raisons de choisir l\u2019A.K.M.\u00a0:<\/span><\/strong><\/p>\n<p style=\"text-align: justify;\">1 <b>Le s\u00e9rieux<\/b> : 21 ans de pratique sachant que l\u2019A.K.M. est affili\u00e9e \u00e0 la F.F.K.D.A.<\/p>\n<p style=\"text-align: justify;\">2 <b>La p\u00e9dagogie<\/b> : une implication totale et contr\u00f4l\u00e9e des instructeurs<\/p>\n<p style=\"text-align: justify;\">3 <b>Le professionnalisme<\/b> : Vous avez \u00e0 disposition jusqu\u2019\u00e0 4 cours par semaine sans compter les stages, formations et cours particuliers.<\/p>\n<p style=\"text-align: justify;\">4 <b>La formation des enseignants<\/b><\/p>\n<p style=\"text-align: justify;\"><b>Le syst\u00e8me p\u00e9dagogique est d\u00e9velopp\u00e9 par Karim MAHAOUI par l\u2019interm\u00e9diaire d\u2019un corps d\u2019enseignant form\u00e9 au sein de l\u2019A.K.M.<\/b><\/p>\n<p style=\"text-align: justify;\"><b>L\u2019Acad\u00e9mie dispense des :<\/b><\/p>\n<ul style=\"text-align: justify;\">\n<li>Cours collectifs<\/li>\n<li>Cours particuliers ou de petits groupes<\/li>\n<li>Cours \u00ab\u00a0Sp\u00e9cial Femmes\u00a0\u00bb<\/li>\n<li>Stages<\/li>\n<li>S\u00e9minaires<\/li>\n<li>D\u00e9monstrations<\/li>\n<li>Formations au sein des unit\u00e9s sp\u00e9cialis\u00e9es de la Police, de la Gendarmerie et de Secours<a href=\"http:\/\/kravmaga-lemans.com\/wp-content\/uploads\/2013\/08\/photo-force-de-l-ordre.jpg\"><img loading=\"lazy\" decoding=\"async\" class=\"alignright size-full wp-image-776\" alt=\"photo force de l ordre\" src=\"http:\/\/kravmaga-lemans.com\/wp-content\/uploads\/2013\/08\/photo-force-de-l-ordre.jpg\" width=\"128\" height=\"96\" \/><\/a><\/li>\n<li><b>Formations au sein de comit\u00e9s d\u2019entreprise<\/b><\/li>\n<\/ul>\n<p style=\"text-align: justify;\"><span style=\"text-decoration: underline;\"><span style=\"color: #000000; text-decoration: underline;\"><b>\u00a0<\/b><\/span><b>Dans plusieurs domaines :<\/b><\/span><\/p>\n<ul style=\"text-align: justify;\">\n<li>Krav Maga<\/li>\n<li>Penchak Silat<\/li>\n<li>Self-D\u00e9fense \u00e0 mains nues<\/li>\n<li>Self-D\u00e9fense en utilisant des objets usuels de la vie quotidienne<\/li>\n<li>Travail \u00e9nerg\u00e9tique dur et doux<\/li>\n<li>Techniques anti-agression au couteau : \u00e9tude des conditions physiques et psychologiques de l\u2019attaquant et de la victime avec apprentissage de d\u00e9fense r\u00e9alistes envisageables en combat r\u00e9el<\/li>\n<li>Pr\u00e9paration physique et mentale<\/li>\n<li>Gestion du stress <b><\/b><\/li>\n<\/ul>\n<p><span style=\"color: #000000;\">\u00a0<a href=\"http:\/\/kravmaga-lemans.com\/wp-content\/uploads\/2013\/08\/images-pieds-poings.jpg\"><img loading=\"lazy\" decoding=\"async\" class=\"size-full wp-image-775 aligncenter\" alt=\"images pieds poings\" src=\"http:\/\/kravmaga-lemans.com\/wp-content\/uploads\/2013\/08\/images-pieds-poings.jpg\" width=\"275\" height=\"183\" \/><\/a><\/span><\/p>\n<p style=\"text-align: justify;\">\n","protected":false},"excerpt":{"rendered":"<p>L\u2019Acad\u00e9mie de Krav Maga (A.K.M.) est une structure associative, agr\u00e9\u00e9e Jeunesse et Sport qui a comme objectif : De d\u00e9velopper le Krav Maga et ses techniques de Self D\u00e9fense dans la France De permettre \u00e0 tous de se d\u00e9fendre efficacement, &hellip; <a href=\"https:\/\/www.kravmaga-lemans.com\/?page_id=69\">Continuer la lecture <span class=\"meta-nav\">&rarr;<\/span><\/a><\/p>\n","protected":false},"author":1,"featured_media":0,"parent":0,"menu_order":0,"comment_status":"closed","ping_status":"open","template":"","meta":{"footnotes":""},"class_list":["post-69","page","type-page","status-publish","hentry"],"_links":{"self":[{"href":"https:\/\/www.kravmaga-lemans.com\/index.php?rest_route=\/wp\/v2\/pages\/69","targetHints":{"allow":["GET"]}}],"collection":[{"href":"https:\/\/www.kravmaga-lemans.com\/index.php?rest_route=\/wp\/v2\/pages"}],"about":[{"href":"https:\/\/www.kravmaga-lemans.com\/index.php?rest_route=\/wp\/v2\/types\/page"}],"author":[{"embeddable":true,"href":"https:\/\/www.kravmaga-lemans.com\/index.php?rest_route=\/wp\/v2\/users\/1"}],"replies":[{"embeddable":true,"href":"https:\/\/www.kravmaga-lemans.com\/index.php?rest_route=%2Fwp%2Fv2%2Fcomments&post=69"}],"version-history":[{"count":27,"href":"https:\/\/www.kravmaga-lemans.com\/index.php?rest_route=\/wp\/v2\/pages\/69\/revisions"}],"predecessor-version":[{"id":1067,"href":"https:\/\/www.kravmaga-lemans.com\/index.php?rest_route=\/wp\/v2\/pages\/69\/revisions\/1067"}],"wp:attachment":[{"href":"https:\/\/www.kravmaga-lemans.com\/index.php?rest_route=%2Fwp%2Fv2%2Fmedia&parent=69"}],"curies":[{"name":"wp","href":"https:\/\/api.w.org\/{rel}","templated":true}]}}