{"id":43,"date":"2011-11-14T13:25:42","date_gmt":"2011-11-14T12:25:42","guid":{"rendered":"http:\/\/kravmaga-lemans.com\/wp\/?page_id=43"},"modified":"2025-08-03T16:36:35","modified_gmt":"2025-08-03T14:36:35","slug":"accueil","status":"publish","type":"page","link":"https:\/\/www.kravmaga-lemans.com\/","title":{"rendered":"ACCUEIL"},"content":{"rendered":"<div style=\"text-align: center;\"><\/div>\n<div style=\"text-align: center;\">\n<div class=\"aboveUnitContent\">\n<div class=\"userContentWrapper\">\n<div class=\"_wk\">\n<div class=\"text_exposed_root text_exposed\">\n<p><strong><span style=\"color: #ff0000;\">RENTREE SAISON 2025\/2026<\/span><\/strong><\/p>\n<p><span style=\"color: #ff0000;\">Reprise des cours \u00e0 compter du lundi 8 septembre 2025<\/span><\/p>\n<p>L&rsquo;AKM vous propose plusieurs salles aux choix pr\u00e8s de chez vous<\/p>\n<p>2 possibilit\u00e9s d&rsquo;abonnement : 1 cours par semaine (m\u00eame salle) OU en acc\u00e8s toutes salles<\/p>\n<p>Inscrivez-vous en ligne pour la saison 2025\/2026 dans l&rsquo;onglet <span style=\"color: #ff0000;\"><strong>\u00ab\u00a0Inscription\u00a0\u00bb<\/strong> <\/span>&#8211; paiement possible par CB en plusieurs fois sans frais<\/p>\n<p>* * *<\/p>\n<div id=\"id_58761b49a25fa1f93178485\" class=\"text_exposed_root text_exposed\"><span style=\"color: #000000;\">Vous \u00eates en qu\u00eate d\u2019un club convivial, chaleureux, \u00e0<a class=\"xvicxkteokt\" style=\"color: #000000;\" title=\"Click to Continue &gt; by ExtraLargeApp\" href=\"#22694446\"> votre<\/a> \u00e9coute, ne cherchez plus, tout est l\u00e0!!!<\/span><\/div>\n<p>Apprenez \u00e0 vous d\u00e9fendre en toute s\u00e9<span style=\"color: #000000;\">curit\u00e9, d\u00e9couvrez les<a class=\"xvicxkteokt\" style=\"color: #000000;\" title=\"Click to Continue &gt; by ExtraLargeApp\" href=\"#86100228\"> cours<\/a> <\/span>collectifs<strong>\u00a0KRAV MAGA<\/strong><span style=\"color: #000000;\"><a class=\"pfjkupkameg\" style=\"color: #000000;\" title=\"Click to Continue &gt; by ExtraLargeApp\" href=\"#40380766\"> cours<\/a> mixtes,\u00a0<\/span>\u00e0 partir de 12 ans<\/p>\n<p><span style=\"color: #ff0000;\">Le Club A.K.M. vous propose\u00a0<strong>gratuitement<\/strong>\u00a0de<a class=\"xvicxkteokt\" style=\"color: #ff0000;\" title=\"Click to Continue &gt; by ExtraLargeApp\" href=\"#75596895\"> participer<\/a> \u00e0 un cours de d\u00e9couverte<a class=\"hkofnjmwt\" style=\"color: #ff0000;\" title=\"Click to Continue &gt; by ExtraLargeApp\" href=\"#17958461\"> dans<\/a> la salle de<a class=\"pfjkupkameg\" style=\"color: #ff0000;\" title=\"Click to Continue &gt; by ExtraLargeApp\" href=\"#44722651\"> votre<\/a> choix le plus pr\u00e8s de chez vous.<\/span><\/p>\n<p><span style=\"color: #ff0000;\">C&rsquo;est simple, pr\u00e9sentez-vous 15mn avant le d\u00e9but du cours de votre choix, en tenue de sport, bouteille d&rsquo;eau et serviette<\/span><\/p>\n<p><a href=\"http:\/\/kravmaga-lemans.com\/wp-content\/uploads\/2019\/09\/essai.png\"><img loading=\"lazy\" decoding=\"async\" class=\"aligncenter size-full wp-image-2127\" src=\"http:\/\/kravmaga-lemans.com\/wp-content\/uploads\/2019\/09\/essai.png\" alt=\"\" width=\"253\" height=\"199\" \/><\/a><\/p>\n<p align=\"center\"><span style=\"color: #ff6600;\"><strong>A noter que les informations sur les inscriptions vous seront remis d\u00e8s<a class=\"hkofnjmwt\" style=\"color: #ff6600;\" title=\"Click to Continue &gt; by ExtraLargeApp\" href=\"#76673400\"> votre<\/a> 1er s\u00e9ance, \u00e0 retourner COMPLET\u00a0la s\u00e9ance<a class=\"hkofnjmwt\" style=\"color: #ff6600;\" title=\"Click to Continue &gt; by ExtraLargeApp\" href=\"#56365337\"> suivante<\/a>.\u00a0<\/strong><\/span><\/p>\n<p><span style=\"color: #ff6600;\"><strong>L&rsquo;acc\u00e8s aux entra\u00eenements ne sera possible qu&rsquo;apr\u00e8s inscription.<\/strong><\/span><\/p>\n<p align=\"center\"><span style=\"color: #ff6600;\"><strong>Merci de votre compr\u00e9hension.<\/strong><\/span><\/p>\n<p align=\"center\">Nous somme<span style=\"color: #000000;\">s\u00a0\u00e0<a class=\"xvicxkteokt\" style=\"color: #000000;\" title=\"Click to Continue &gt; by ExtraLargeApp\" href=\"#14020109\"> votre<\/a> disposition sur\u00a0<strong>Le Mans et ses Alentours<\/strong>\u00a0pour vous accueillir, afin de vous essayer<\/span> et d\u00e9couvrir le Krav Maga.<\/p>\n<p align=\"center\">Rejoignez nous vite!<\/p>\n<\/div>\n<p align=\"center\">* * *<\/p>\n<\/div>\n<p>&nbsp;<\/p>\n<div class=\"_wk\"><\/div>\n<\/div>\n<\/div>\n<\/div>\n<p><!--more--><\/p>\n<p>Retro<span style=\"color: #000000;\">uvez \u00e9galement toutes nos news en <a id=\"_GPLITA_8\" style=\"border: none !important; display: inline-block !important; text-indent: 0px !important; float: none !important; font-weight: bold !important; height: auto !important; margin: 0px !important; min-height: 0px !important; min-width: 0px !important; padding: 0px !important; text-transform: uppercase !important; text-decoration: underline !important; vertical-align: baseline !important; width: auto !important; color: #000000; background-color: transparent !important;\" title=\"Click to Continue &gt; by UniDeals\" href=\"#\">direct<\/a> via\u00a0<\/span><a title=\"facebook AKM.Academie.Krav.Maga.LeMans\" href=\"https:\/\/fr-fr.facebook.com\/AKM.Academie.Krav.Maga.LeMans\" target=\"_blank\" rel=\"noopener noreferrer\"><span style=\"color: #000000;\">facebook<\/span>\u00a0<\/a><a href=\"http:\/\/kravmaga-lemans.com\/wp-content\/uploads\/2011\/11\/facebook.png\"><img loading=\"lazy\" decoding=\"async\" class=\"alignleft\" title=\"facebook\" src=\"http:\/\/kravmaga-lemans.com\/wp-content\/uploads\/2011\/11\/facebook-150x150.png\" alt=\"\" width=\"90\" height=\"90\" \/><\/a><\/p>\n<div align=\"left\"><\/div>\n<div align=\"left\"><a title=\"Portail des clubs sportifs : annuaire, forum, actualites\" href=\"http:\/\/www.sports-et-loisirs.fr\" target=\"_blank\" rel=\"noopener noreferrer\">Sports-et-loisirs.fr<\/a>,\u00a0<a title=\"clubs de sport\" href=\"http:\/\/www.sports-et-loisirs.fr\/annuaires\/clubs\/\" target=\"_blank\" rel=\"noopener noreferrer\">l&rsquo;annuaire des clubs de sport<\/a>\u00a0: &#8230;<\/div>\n<p><a href=\"http:\/\/www.club-combat.com\"><img loading=\"lazy\" decoding=\"async\" src=\"http:\/\/www.club-combat.com\/clubcombat.gif\" alt=\"Club-Combat annuaire des arts martiaux, sports de combat et self defense\" width=\"103\" height=\"35\" border=\"0\" \/><\/a><\/p>\n","protected":false},"excerpt":{"rendered":"<p>RENTREE SAISON 2025\/2026 Reprise des cours \u00e0 compter du lundi 8 septembre 2025 L&rsquo;AKM vous propose plusieurs salles aux choix pr\u00e8s de chez vous 2 possibilit\u00e9s d&rsquo;abonnement : 1 cours par semaine (m\u00eame salle) OU en acc\u00e8s toutes salles Inscrivez-vous &hellip; <a href=\"https:\/\/www.kravmaga-lemans.com\/\">Continuer la lecture <span class=\"meta-nav\">&rarr;<\/span><\/a><\/p>\n","protected":false},"author":1,"featured_media":0,"parent":0,"menu_order":0,"comment_status":"closed","ping_status":"closed","template":"","meta":{"footnotes":""},"class_list":["post-43","page","type-page","status-publish","hentry"],"_links":{"self":[{"href":"https:\/\/www.kravmaga-lemans.com\/index.php?rest_route=\/wp\/v2\/pages\/43","targetHints":{"allow":["GET"]}}],"collection":[{"href":"https:\/\/www.kravmaga-lemans.com\/index.php?rest_route=\/wp\/v2\/pages"}],"about":[{"href":"https:\/\/www.kravmaga-lemans.com\/index.php?rest_route=\/wp\/v2\/types\/page"}],"author":[{"embeddable":true,"href":"https:\/\/www.kravmaga-lemans.com\/index.php?rest_route=\/wp\/v2\/users\/1"}],"replies":[{"embeddable":true,"href":"https:\/\/www.kravmaga-lemans.com\/index.php?rest_route=%2Fwp%2Fv2%2Fcomments&post=43"}],"version-history":[{"count":241,"href":"https:\/\/www.kravmaga-lemans.com\/index.php?rest_route=\/wp\/v2\/pages\/43\/revisions"}],"predecessor-version":[{"id":2280,"href":"https:\/\/www.kravmaga-lemans.com\/index.php?rest_route=\/wp\/v2\/pages\/43\/revisions\/2280"}],"wp:attachment":[{"href":"https:\/\/www.kravmaga-lemans.com\/index.php?rest_route=%2Fwp%2Fv2%2Fmedia&parent=43"}],"curies":[{"name":"wp","href":"https:\/\/api.w.org\/{rel}","templated":true}]}}