{"id":2092,"date":"2019-07-08T16:38:17","date_gmt":"2019-07-08T14:38:17","guid":{"rendered":"http:\/\/www.kravmaga-lemans.com\/?page_id=2092"},"modified":"2021-07-08T14:17:32","modified_gmt":"2021-07-08T12:17:32","slug":"parigne-leveque-2","status":"publish","type":"page","link":"https:\/\/www.kravmaga-lemans.com\/?page_id=2092","title":{"rendered":"Parign\u00e9 l&rsquo;Ev\u00eaque"},"content":{"rendered":"<p>Tous les vendredis d\u00e8s 12 ans<\/p>\n<p>19h00 &#8211; 20h15<\/p>\n<p>Votre Instructeur Yohan TOLLET<\/p>\n<p><a href=\"http:\/\/kravmaga-lemans.com\/wp-content\/uploads\/2016\/07\/KM.jpg\"><span style=\"text-align: justify;\"><strong>G<\/strong><\/span><strong>ymnase Parign\u00e9 l&rsquo;Ev\u00eaque, Complexe sportif 72250 Parign\u00e9 l&rsquo;Ev\u00eaque<\/strong><\/a><\/p>\n<p><a href=\"http:\/\/kravmaga-lemans.com\/wp-content\/uploads\/2019\/07\/Capture-paring\u00e9.png\"><img loading=\"lazy\" decoding=\"async\" class=\"size-medium wp-image-2095 alignleft\" src=\"http:\/\/kravmaga-lemans.com\/wp-content\/uploads\/2019\/07\/Capture-paring\u00e9-300x166.png\" alt=\"\" width=\"300\" height=\"166\" srcset=\"http:\/\/kravmaga-lemans.com\/wp-content\/uploads\/2019\/07\/Capture-paring\u00e9-300x166.png 300w, http:\/\/kravmaga-lemans.com\/wp-content\/uploads\/2019\/07\/Capture-paring\u00e9-768x426.png 768w, http:\/\/kravmaga-lemans.com\/wp-content\/uploads\/2019\/07\/Capture-paring\u00e9.png 957w\" sizes=\"auto, (max-width: 300px) 100vw, 300px\" \/><\/a><\/p>\n","protected":false},"excerpt":{"rendered":"<p>Tous les vendredis d\u00e8s 12 ans 19h00 &#8211; 20h15 Votre Instructeur Yohan TOLLET Gymnase Parign\u00e9 l&rsquo;Ev\u00eaque, Complexe sportif 72250 Parign\u00e9 l&rsquo;Ev\u00eaque<\/p>\n","protected":false},"author":1,"featured_media":0,"parent":0,"menu_order":0,"comment_status":"closed","ping_status":"closed","template":"","meta":{"footnotes":""},"class_list":["post-2092","page","type-page","status-publish","hentry"],"_links":{"self":[{"href":"https:\/\/www.kravmaga-lemans.com\/index.php?rest_route=\/wp\/v2\/pages\/2092","targetHints":{"allow":["GET"]}}],"collection":[{"href":"https:\/\/www.kravmaga-lemans.com\/index.php?rest_route=\/wp\/v2\/pages"}],"about":[{"href":"https:\/\/www.kravmaga-lemans.com\/index.php?rest_route=\/wp\/v2\/types\/page"}],"author":[{"embeddable":true,"href":"https:\/\/www.kravmaga-lemans.com\/index.php?rest_route=\/wp\/v2\/users\/1"}],"replies":[{"embeddable":true,"href":"https:\/\/www.kravmaga-lemans.com\/index.php?rest_route=%2Fwp%2Fv2%2Fcomments&post=2092"}],"version-history":[{"count":5,"href":"https:\/\/www.kravmaga-lemans.com\/index.php?rest_route=\/wp\/v2\/pages\/2092\/revisions"}],"predecessor-version":[{"id":2209,"href":"https:\/\/www.kravmaga-lemans.com\/index.php?rest_route=\/wp\/v2\/pages\/2092\/revisions\/2209"}],"wp:attachment":[{"href":"https:\/\/www.kravmaga-lemans.com\/index.php?rest_route=%2Fwp%2Fv2%2Fmedia&parent=2092"}],"curies":[{"name":"wp","href":"https:\/\/api.w.org\/{rel}","templated":true}]}}