{"id":2064,"date":"2019-07-08T14:53:51","date_gmt":"2019-07-08T12:53:51","guid":{"rendered":"http:\/\/www.kravmaga-lemans.com\/?page_id=2064"},"modified":"2024-09-07T14:59:40","modified_gmt":"2024-09-07T12:59:40","slug":"roeze-sur-sarthe","status":"publish","type":"page","link":"https:\/\/www.kravmaga-lemans.com\/?page_id=2064","title":{"rendered":"Ro\u00e9z\u00e9 sur Sarthe"},"content":{"rendered":"<p>Tous les mardis d\u00e8s 12 ans<\/p>\n<p>19h00 &#8211; 20h15<\/p>\n<p>Salle Polyvalente &#8211; La Touche &#8211; 72210 ROEZE SUR SARTHE<\/p>\n<p>Votre instructeur Jean-Louis PIAU &#8211; CN 1er Dan FFK<\/p>\n<p><a href=\"http:\/\/kravmaga-lemans.com\/wp-content\/uploads\/2019\/07\/jl.png\"><img loading=\"lazy\" decoding=\"async\" class=\"aligncenter wp-image-2117\" src=\"http:\/\/kravmaga-lemans.com\/wp-content\/uploads\/2019\/07\/jl-285x300.png\" alt=\"\" width=\"153\" height=\"161\" srcset=\"http:\/\/kravmaga-lemans.com\/wp-content\/uploads\/2019\/07\/jl-285x300.png 285w, http:\/\/kravmaga-lemans.com\/wp-content\/uploads\/2019\/07\/jl-768x809.png 768w, http:\/\/kravmaga-lemans.com\/wp-content\/uploads\/2019\/07\/jl.png 871w\" sizes=\"auto, (max-width: 153px) 100vw, 153px\" \/><\/a><\/p>\n<h6 style=\"text-align: left;\"><\/h6>\n<p><a href=\"http:\/\/kravmaga-lemans.com\/wp-content\/uploads\/2019\/07\/ro\u00e9z\u00e9-1.png\"><img loading=\"lazy\" decoding=\"async\" class=\"size-medium wp-image-2069 alignleft\" src=\"http:\/\/kravmaga-lemans.com\/wp-content\/uploads\/2019\/07\/ro\u00e9z\u00e9-1-300x184.png\" alt=\"\" width=\"300\" height=\"184\" srcset=\"http:\/\/kravmaga-lemans.com\/wp-content\/uploads\/2019\/07\/ro\u00e9z\u00e9-1-300x184.png 300w, http:\/\/kravmaga-lemans.com\/wp-content\/uploads\/2019\/07\/ro\u00e9z\u00e9-1-768x471.png 768w, http:\/\/kravmaga-lemans.com\/wp-content\/uploads\/2019\/07\/ro\u00e9z\u00e9-1.png 933w\" sizes=\"auto, (max-width: 300px) 100vw, 300px\" \/><\/a><\/p>\n","protected":false},"excerpt":{"rendered":"<p>Tous les mardis d\u00e8s 12 ans 19h00 &#8211; 20h15 Salle Polyvalente &#8211; La Touche &#8211; 72210 ROEZE SUR SARTHE Votre instructeur Jean-Louis PIAU &#8211; CN 1er Dan FFK<\/p>\n","protected":false},"author":1,"featured_media":0,"parent":0,"menu_order":0,"comment_status":"closed","ping_status":"closed","template":"","meta":{"footnotes":""},"class_list":["post-2064","page","type-page","status-publish","hentry"],"_links":{"self":[{"href":"https:\/\/www.kravmaga-lemans.com\/index.php?rest_route=\/wp\/v2\/pages\/2064","targetHints":{"allow":["GET"]}}],"collection":[{"href":"https:\/\/www.kravmaga-lemans.com\/index.php?rest_route=\/wp\/v2\/pages"}],"about":[{"href":"https:\/\/www.kravmaga-lemans.com\/index.php?rest_route=\/wp\/v2\/types\/page"}],"author":[{"embeddable":true,"href":"https:\/\/www.kravmaga-lemans.com\/index.php?rest_route=\/wp\/v2\/users\/1"}],"replies":[{"embeddable":true,"href":"https:\/\/www.kravmaga-lemans.com\/index.php?rest_route=%2Fwp%2Fv2%2Fcomments&post=2064"}],"version-history":[{"count":8,"href":"https:\/\/www.kravmaga-lemans.com\/index.php?rest_route=\/wp\/v2\/pages\/2064\/revisions"}],"predecessor-version":[{"id":2270,"href":"https:\/\/www.kravmaga-lemans.com\/index.php?rest_route=\/wp\/v2\/pages\/2064\/revisions\/2270"}],"wp:attachment":[{"href":"https:\/\/www.kravmaga-lemans.com\/index.php?rest_route=%2Fwp%2Fv2%2Fmedia&parent=2064"}],"curies":[{"name":"wp","href":"https:\/\/api.w.org\/{rel}","templated":true}]}}