{"id":1855,"date":"2016-07-20T17:30:34","date_gmt":"2016-07-20T15:30:34","guid":{"rendered":"http:\/\/www.kravmaga-lemans.com\/?page_id=1855"},"modified":"2025-09-08T18:10:49","modified_gmt":"2025-09-08T16:10:49","slug":"arnage","status":"publish","type":"page","link":"https:\/\/www.kravmaga-lemans.com\/?page_id=1855","title":{"rendered":"Arnage"},"content":{"rendered":"<p>Tous les lundis d\u00e8s 12 ans<\/p>\n<p>19h00 \u2013 20h15<\/p>\n<p>Votre instructeur Karim MAHAOUI<\/p>\n<p>Dipl\u00f4m\u00e9 d&rsquo;\u00e9tat, CN 5e Dan FFK<\/p>\n<p>&nbsp;<\/p>\n<p>&nbsp;<\/p>\n<p><strong>Gymnase Frison Roche (Dojo) Rue des Coll\u00e8ges &#8211; 72230 Arnage<\/strong><\/p>\n<p><a href=\"http:\/\/kravmaga-lemans.com\/wp-content\/uploads\/2013\/08\/arange.jpg\"><img loading=\"lazy\" decoding=\"async\" class=\" size-full wp-image-1814 aligncenter\" src=\"http:\/\/kravmaga-lemans.com\/wp-content\/uploads\/2013\/08\/arange.jpg\" alt=\"arange\" width=\"300\" height=\"260\" \/><\/a><\/p>\n<p>&nbsp;<\/p>\n","protected":false},"excerpt":{"rendered":"<p>Tous les lundis d\u00e8s 12 ans 19h00 \u2013 20h15 Votre instructeur Karim MAHAOUI Dipl\u00f4m\u00e9 d&rsquo;\u00e9tat, CN 5e Dan FFK &nbsp; &nbsp; Gymnase Frison Roche (Dojo) Rue des Coll\u00e8ges &#8211; 72230 Arnage &nbsp;<\/p>\n","protected":false},"author":1,"featured_media":0,"parent":0,"menu_order":0,"comment_status":"closed","ping_status":"open","template":"","meta":{"footnotes":""},"class_list":["post-1855","page","type-page","status-publish","hentry"],"_links":{"self":[{"href":"https:\/\/www.kravmaga-lemans.com\/index.php?rest_route=\/wp\/v2\/pages\/1855","targetHints":{"allow":["GET"]}}],"collection":[{"href":"https:\/\/www.kravmaga-lemans.com\/index.php?rest_route=\/wp\/v2\/pages"}],"about":[{"href":"https:\/\/www.kravmaga-lemans.com\/index.php?rest_route=\/wp\/v2\/types\/page"}],"author":[{"embeddable":true,"href":"https:\/\/www.kravmaga-lemans.com\/index.php?rest_route=\/wp\/v2\/users\/1"}],"replies":[{"embeddable":true,"href":"https:\/\/www.kravmaga-lemans.com\/index.php?rest_route=%2Fwp%2Fv2%2Fcomments&post=1855"}],"version-history":[{"count":10,"href":"https:\/\/www.kravmaga-lemans.com\/index.php?rest_route=\/wp\/v2\/pages\/1855\/revisions"}],"predecessor-version":[{"id":2282,"href":"https:\/\/www.kravmaga-lemans.com\/index.php?rest_route=\/wp\/v2\/pages\/1855\/revisions\/2282"}],"wp:attachment":[{"href":"https:\/\/www.kravmaga-lemans.com\/index.php?rest_route=%2Fwp%2Fv2%2Fmedia&parent=1855"}],"curies":[{"name":"wp","href":"https:\/\/api.w.org\/{rel}","templated":true}]}}