{"id":1800,"date":"2016-06-30T13:52:01","date_gmt":"2016-06-30T11:52:01","guid":{"rendered":"http:\/\/www.kravmaga-lemans.com\/?page_id=1800"},"modified":"2016-07-27T12:49:48","modified_gmt":"2016-07-27T10:49:48","slug":"passage-de-grade","status":"publish","type":"page","link":"https:\/\/www.kravmaga-lemans.com\/?page_id=1800","title":{"rendered":"PASSAGE DE GRADE"},"content":{"rendered":"<p><a href=\"http:\/\/kravmaga-lemans.com\/wp-content\/uploads\/2016\/06\/ceinture-krav.jpg\"><img loading=\"lazy\" decoding=\"async\" class=\"aligncenter size-thumbnail wp-image-1880\" src=\"http:\/\/kravmaga-lemans.com\/wp-content\/uploads\/2016\/06\/ceinture-krav-150x150.jpg\" alt=\"ceinture krav\" width=\"150\" height=\"150\" \/><\/a><\/p>\n<p>Comme dans beaucoup d&rsquo;arts martiaux, il existe un syst\u00e8me de ceintures de couleurs qui d\u00e9termine le niveau technique du pratiquant.<\/p>\n<p>A l&rsquo;<strong><span style=\"color: #ff0000;\">Acad\u00e9mie Krav Maga<\/span><\/strong>, les passages de grades ne sont pas obligatoires. Cela dit, un passage de grade est l\u2019aboutissement d\u2019une p\u00e9riode donn\u00e9e d\u2019entra\u00eenement. C\u2019est une fa\u00e7on de vous tester sous l\u2019\u0153il d\u2019un ou plusieurs examinateurs selon le niveau de ceinture vis\u00e9 et de voir vos comp\u00e9tences reconnues par vos pairs.<\/p>\n<p>Les techniques \u00e9labor\u00e9es sont r\u00e9pertori\u00e9es pour chaque ceinture. Ces techniques sont class\u00e9es par niveau et chaque niveau correspond \u00e0 une couleur : Jaune, Orange, Verte, Bleue, Marron, Noire 1\u00e8re Dan, Noire 2\u00e8me Dan&#8230;<\/p>\n<p>Un d\u00e9butant commence son apprentissage sans ceinture car la ceinture blanche n&rsquo;existe pas en Krav maga.<\/p>\n<p>Pour la France et depuis l&rsquo;affiliation \u00e0 la FFKDA, les grades \u00e0 partir de la ceinture Noire sont soumis au passage devant un jury de la FFKDA qui est compos\u00e9 de personnes grad\u00e9es en Krav maga.<\/p>\n<p>Le passage de grade consiste \u00e0 pr\u00e9senter des techniques apprises. A partir de la ceinture Verte, en plus des techniques, l&rsquo;\u00e9l\u00e8ve devra effectuer un combat.<\/p>\n<p>Le combat permet d&rsquo;\u00eatre confront\u00e9 \u00e0 la violence de quelqu&rsquo;un qui cherche \u00e0 nous frapper. Le but est de v\u00e9rifier l&rsquo;aptitude du pratiquant \u00e0 r\u00e9agir \u00e0 des attaques qui ne sont pas connues \u00e0 l&rsquo;avance et ce en situation de stress, car cela diminue les probabilit\u00e9s de r\u00e9ussite des techniques apprises. Enfin, il permet \u00e9galement d&rsquo;\u00e9valuer la ma\u00eetrise et la lucidit\u00e9.<\/p>\n<p style=\"text-align: center;\"><strong><span style=\"color: #ff0000;\">D\u00e9roulement passage de grade<\/span><\/strong><\/p>\n<p>A l&rsquo;AKM le passage de grade a lieu 1 fois par an et g\u00e9n\u00e9ralement au mois de Juin,\u00a0\u00a0la date et heure sera communiqu\u00e9e \u00e0 l&rsquo;avance aux pratiquants.<\/p>\n<p>Les d\u00e9monstrations techniques s&rsquo;effectuent avec un partenaire d&rsquo;entra\u00eenement.\u00a0Le candidat sera jug\u00e9 sur tout le r\u00e9f\u00e9rentiel de la ceinture choisie, sur sa technique, ses appuis et son \u00e9quilibre, sa lucidit\u00e9 et son esprit sportif.<\/p>\n<p>Les combats \u00e0 partir de la ceinture verte se d\u00e9roulent apr\u00e8s les d\u00e9monstrations techniques et ont lieu devant tout le monde. Les candidats passent deux par deux, c&rsquo;est la partie la plus stressante de l&rsquo;examen.\u00a0Les combattants doivent imp\u00e9rativement s&rsquo;\u00e9quiper des protections individuelles (coquille, prot\u00e8ge-tibias, prot\u00e8ge-dents, gants&#8230;).<\/p>\n<p>Les combats se d\u00e9roulent sans r\u00e8gles car c&rsquo;est un des grands principes du Krav maga, donc tous les coups sont permis (pieds, poings, coudes, genoux, t\u00eate, strangulations, luxations, morsures et coups sur les points sensibles). Evidemment, tous les coups dangereux ne sont jamais port\u00e9s mais mim\u00e9s pour garantir l&rsquo;int\u00e9grit\u00e9 physique des combattants. Le combat se d\u00e9roule sous l&rsquo;\u00e9gide de l&rsquo;examinateur qui fait office d&rsquo;arbitre.<\/p>\n<p>A l&rsquo;issue de l&rsquo;examen, si vous avez r\u00e9ussi toutes les \u00e9preuves de mani\u00e8re concluante, votre obtiendrez la ceinture pour laquelle vous vous \u00eates pr\u00e9sent\u00e9s. L&rsquo;examinateur vous remettra votre dipl\u00f4me attestant de votre niveau.<\/p>\n<p>Par ailleurs, des stages de formation acc\u00e9l\u00e9r\u00e9e pr\u00e9paratoires aux passages de grades et\/ou de perfectionnement technique sont programm\u00e9s en week-end quelques mois avant le passage de grade<\/p>\n<p>&nbsp;<\/p>\n<p>&nbsp;<\/p>\n<p>&nbsp;<\/p>\n<p>&nbsp;<\/p>\n<p>&nbsp;<\/p>\n","protected":false},"excerpt":{"rendered":"<p>Comme dans beaucoup d&rsquo;arts martiaux, il existe un syst\u00e8me de ceintures de couleurs qui d\u00e9termine le niveau technique du pratiquant. A l&rsquo;Acad\u00e9mie Krav Maga, les passages de grades ne sont pas obligatoires. Cela dit, un passage de grade est l\u2019aboutissement &hellip; <a href=\"https:\/\/www.kravmaga-lemans.com\/?page_id=1800\">Continuer la lecture <span class=\"meta-nav\">&rarr;<\/span><\/a><\/p>\n","protected":false},"author":1,"featured_media":0,"parent":0,"menu_order":0,"comment_status":"closed","ping_status":"open","template":"","meta":{"footnotes":""},"class_list":["post-1800","page","type-page","status-publish","hentry"],"_links":{"self":[{"href":"https:\/\/www.kravmaga-lemans.com\/index.php?rest_route=\/wp\/v2\/pages\/1800","targetHints":{"allow":["GET"]}}],"collection":[{"href":"https:\/\/www.kravmaga-lemans.com\/index.php?rest_route=\/wp\/v2\/pages"}],"about":[{"href":"https:\/\/www.kravmaga-lemans.com\/index.php?rest_route=\/wp\/v2\/types\/page"}],"author":[{"embeddable":true,"href":"https:\/\/www.kravmaga-lemans.com\/index.php?rest_route=\/wp\/v2\/users\/1"}],"replies":[{"embeddable":true,"href":"https:\/\/www.kravmaga-lemans.com\/index.php?rest_route=%2Fwp%2Fv2%2Fcomments&post=1800"}],"version-history":[{"count":8,"href":"https:\/\/www.kravmaga-lemans.com\/index.php?rest_route=\/wp\/v2\/pages\/1800\/revisions"}],"predecessor-version":[{"id":1885,"href":"https:\/\/www.kravmaga-lemans.com\/index.php?rest_route=\/wp\/v2\/pages\/1800\/revisions\/1885"}],"wp:attachment":[{"href":"https:\/\/www.kravmaga-lemans.com\/index.php?rest_route=%2Fwp%2Fv2%2Fmedia&parent=1800"}],"curies":[{"name":"wp","href":"https:\/\/api.w.org\/{rel}","templated":true}]}}