{"id":1487,"date":"2015-03-12T18:13:40","date_gmt":"2015-03-12T17:13:40","guid":{"rendered":"http:\/\/www.kravmaga-lemans.com\/?page_id=1487"},"modified":"2015-03-12T19:08:16","modified_gmt":"2015-03-12T18:08:16","slug":"comment-reperer-une-situation-de-harcelement","status":"publish","type":"page","link":"https:\/\/www.kravmaga-lemans.com\/?page_id=1487","title":{"rendered":"Comment rep\u00e9rer une situation de harc\u00e8lement ?"},"content":{"rendered":"<p style=\"background-color: white; text-align: justify; background-position: initial initial; background-repeat: initial initial;\"><strong><span style=\"font-size: 9.0pt; font-family: 'Arial','sans-serif';\">D\u00e9tecter une situation de harc\u00e8lement n\u2019est pas facile<\/span><\/strong><span style=\"font-size: 9.0pt; font-family: 'Arial','sans-serif';\"> : ces actes sont souvent cach\u00e9s, espac\u00e9s dans le temps, prennent des formes diff\u00e9rentes et sont souvent tourn\u00e9s \u00e0 la d\u00e9rision. Ils peuvent \u00eatre per\u00e7us comme de simples chamailleries ou taquineries enfantines.<br \/>\nDe m\u00eame, le mal-\u00eatre de certaines victimes peut \u00eatre interpr\u00e9t\u00e9, \u00e0 tort, par les adultes comme une manifestation du temp\u00e9rament peu sociable de l\u2019enfant ou une simple crise d\u2019adolescence.<\/span><\/p>\n<p style=\"background-color: white; text-align: justify; background-position: initial initial; background-repeat: initial initial;\"><strong><span style=\"font-size: 9.0pt; font-family: 'Arial','sans-serif';\">La m\u00e9connaissance des m\u00e9canismes du harc\u00e8lement<\/span><\/strong><span style=\"font-size: 9.0pt; font-family: 'Arial','sans-serif';\">, associ\u00e9e au silence des victimes, peut retarder la prise de conscience de l\u2019entourage. <strong><span style=\"font-family: 'Arial','sans-serif';\">Il est donc de la responsabilit\u00e9 des adultes d\u2019\u00eatre attentifs<\/span><\/strong> aux changements de comportement des enfants et des adolescents.<\/span><\/p>\n<p style=\"background-color: white; text-align: justify; background-position: initial initial; background-repeat: initial initial;\"><strong><span style=\"font-size: 9.0pt; font-family: 'Arial','sans-serif';\">Les troubles du sommeil, l\u2019irritabilit\u00e9, l\u2019agitation, la susceptibilit\u00e9, mais aussi les troubles li\u00e9s \u00e0 l\u2019anxi\u00e9t\u00e9 et\/ou au stress<\/span><\/strong><span style=\"font-size: 9.0pt; font-family: 'Arial','sans-serif';\"> (tels que les maux de ventre ou de l\u2019ecz\u00e9ma) sont autant de signes qui peuvent alerter les parents.<br \/>\nLes \u00e9quipes \u00e9ducatives peuvent, quant \u00e0 elles, constater une baisse des performances scolaires (l\u2019anxi\u00e9t\u00e9 diminue les capacit\u00e9s d\u2019attention), des troubles du comportement (telles que les crises de col\u00e8re), une attitude provocante ou un repli sur soi.<\/span><\/p>\n<p style=\"background-color: white; text-align: justify; background-position: initial initial; background-repeat: initial initial;\"><a href=\"http:\/\/kravmaga-lemans.com\/wp-content\/uploads\/2015\/03\/kesharcelement7.jpg\"><img loading=\"lazy\" decoding=\"async\" class=\"aligncenter size-full wp-image-1499\" src=\"http:\/\/kravmaga-lemans.com\/wp-content\/uploads\/2015\/03\/kesharcelement7.jpg\" alt=\"kesharcelement7\" width=\"223\" height=\"170\" \/><\/a><\/p>\n<p style=\"background-color: white; text-align: justify; background-position: initial initial; background-repeat: initial initial;\"><span style=\"font-size: 9.0pt; font-family: 'Arial','sans-serif';\"><!-- [if gte vml 1]><v:shapetype\nid=\"_x0000_t75\" coordsize=\"21600,21600\" o:spt=\"75\" o:preferrelative=\"t\"\npath=\"m@4@5l@4@11@9@11@9@5xe\" filled=\"f\" stroked=\"f\">\n<v:stroke joinstyle=\"miter\"\/>\n<v:formulas>\n<v:f eqn=\"if lineDrawn pixelLineWidth 0\"\/>\n<v:f eqn=\"sum @0 1 0\"\/>\n<v:f eqn=\"sum 0 0 @1\"\/>\n<v:f eqn=\"prod @2 1 2\"\/>\n<v:f eqn=\"prod @3 21600 pixelWidth\"\/>\n<v:f eqn=\"prod @3 21600 pixelHeight\"\/>\n<v:f eqn=\"sum @0 0 1\"\/>\n<v:f eqn=\"prod @6 1 2\"\/>\n<v:f eqn=\"prod @7 21600 pixelWidth\"\/>\n<v:f eqn=\"sum @8 21600 0\"\/>\n<v:f eqn=\"prod @7 21600 pixelHeight\"\/>\n<v:f eqn=\"sum @10 21600 0\"\/>\n<\/v:formulas>\n<v:path o:extrusionok=\"f\" gradientshapeok=\"t\" o:connecttype=\"rect\"\/>\n<o:lock v:ext=\"edit\" aspectratio=\"t\"\/>\n<\/v:shapetype><v:shape id=\"_x0000_i1025\" type=\"#_x0000_t75\" alt=\"COMMENT REPERER UNE SITUATION DE HARC\u00c8LEMENT ?\"\nstyle='width:167.25pt;height:127.5pt'>\n<v:imagedata src=\"file:\/\/\/C:\\Users\\muriel\\AppData\\Local\\Temp\\msohtmlclip1\\01\\clip_image001.jpg\"\no:href=\"http:\/\/www.agircontreleharcelementalecole.gouv.fr\/wp-content\/uploads\/2011\/10\/kesharcelement7.jpg\"\/>\n<\/v:shape><![endif]--><!-- [if !vml]--><!--[endif]--><\/span><\/p>\n<p style=\"background-color: white; text-align: justify; background-position: initial initial; background-repeat: initial initial;\"><strong><span style=\"font-size: 9.0pt; font-family: 'Arial','sans-serif';\">Dans tous les cas, les parents ne doivent pas h\u00e9siter \u00e0 engager un dialogue avec les \u00e9l\u00e8ves<\/span><\/strong><span style=\"font-size: 9.0pt; font-family: 'Arial','sans-serif';\"> (en leur demandant par exemple \u00ab quelqu\u2019un t\u2019emb\u00eate en ce moment \u00e0 l\u2019\u00e9cole ? \u00bb).<\/span><\/p>\n<p style=\"background-color: white; text-align: justify; background-position: initial initial; background-repeat: initial initial;\"><strong><span style=\"font-size: 9.0pt; font-family: 'Arial','sans-serif';\">Les parents et les enseignants ont un r\u00f4le d\u00e9terminant<\/span><\/strong><span style=\"font-size: 9.0pt; font-family: 'Arial','sans-serif';\"> \u00e0 jouer dans la lutte contre le harc\u00e8lement \u00e0 l\u2019\u00c9cole.<\/span><\/p>\n","protected":false},"excerpt":{"rendered":"<p>D\u00e9tecter une situation de harc\u00e8lement n\u2019est pas facile : ces actes sont souvent cach\u00e9s, espac\u00e9s dans le temps, prennent des formes diff\u00e9rentes et sont souvent tourn\u00e9s \u00e0 la d\u00e9rision. Ils peuvent \u00eatre per\u00e7us comme de simples chamailleries ou taquineries enfantines. &hellip; <a href=\"https:\/\/www.kravmaga-lemans.com\/?page_id=1487\">Continuer la lecture <span class=\"meta-nav\">&rarr;<\/span><\/a><\/p>\n","protected":false},"author":1,"featured_media":0,"parent":0,"menu_order":0,"comment_status":"closed","ping_status":"open","template":"","meta":{"footnotes":""},"class_list":["post-1487","page","type-page","status-publish","hentry"],"_links":{"self":[{"href":"https:\/\/www.kravmaga-lemans.com\/index.php?rest_route=\/wp\/v2\/pages\/1487","targetHints":{"allow":["GET"]}}],"collection":[{"href":"https:\/\/www.kravmaga-lemans.com\/index.php?rest_route=\/wp\/v2\/pages"}],"about":[{"href":"https:\/\/www.kravmaga-lemans.com\/index.php?rest_route=\/wp\/v2\/types\/page"}],"author":[{"embeddable":true,"href":"https:\/\/www.kravmaga-lemans.com\/index.php?rest_route=\/wp\/v2\/users\/1"}],"replies":[{"embeddable":true,"href":"https:\/\/www.kravmaga-lemans.com\/index.php?rest_route=%2Fwp%2Fv2%2Fcomments&post=1487"}],"version-history":[{"count":3,"href":"https:\/\/www.kravmaga-lemans.com\/index.php?rest_route=\/wp\/v2\/pages\/1487\/revisions"}],"predecessor-version":[{"id":1527,"href":"https:\/\/www.kravmaga-lemans.com\/index.php?rest_route=\/wp\/v2\/pages\/1487\/revisions\/1527"}],"wp:attachment":[{"href":"https:\/\/www.kravmaga-lemans.com\/index.php?rest_route=%2Fwp%2Fv2%2Fmedia&parent=1487"}],"curies":[{"name":"wp","href":"https:\/\/api.w.org\/{rel}","templated":true}]}}