{"id":1485,"date":"2015-03-12T18:12:42","date_gmt":"2015-03-12T17:12:42","guid":{"rendered":"http:\/\/www.kravmaga-lemans.com\/?page_id=1485"},"modified":"2015-03-12T19:11:10","modified_gmt":"2015-03-12T18:11:10","slug":"quels-sont-les-acteurs-du-harcelement","status":"publish","type":"page","link":"https:\/\/www.kravmaga-lemans.com\/?page_id=1485","title":{"rendered":"Quels sont les acteurs du harc\u00e8lement ?"},"content":{"rendered":"<p style=\"text-align: justify;\">Le harc\u00e8lement est un ph\u00e9nom\u00e8ne de groupe qui r\u00e9unit toujours plusieurs acteurs : la victime, son ou ses agresseurs et les t\u00e9moins.<br \/>\nCette relation triangulaire entre victime, agresseur(s) et t\u00e9moins est centrale dans le maintien du harc\u00e8lement :<\/p>\n<ul style=\"text-align: justify;\">\n<li>Le(s) harceleur(s), parvenant \u00e0 faire de ses camarades t\u00e9moins les complices de ses actes, installent une relation de domination collective sur la victime.<\/li>\n<li>La victime, ne trouvant ni d\u00e9fense ni empathie chez ses pairs, s\u2019enferme tr\u00e8s souvent dans l\u2019isolement.<\/li>\n<li>Les t\u00e9moins, en soutenant, encourageant ou faisant semblant d\u2019ignorer le harc\u00e8lement, renforcent la violence du harceleur.<\/li>\n<\/ul>\n<p style=\"text-align: justify;\"><strong>LES HARCELEURS<\/strong><\/p>\n<p style=\"text-align: justify;\">Pour d\u00e9passer un sentiment de faiblesse, masquer une image de soi fragile, ou dissimuler une vuln\u00e9rabilit\u00e9, les harceleurs s\u2019affirment par la force et l\u2019agressivit\u00e9.<br \/>\nAfin d\u2019affirmer son d\u00e9sir de puissance et d\u2019assurance, ils d\u00e9signent une victime qu\u2019ils vont humilier et terroriser.<\/p>\n<p style=\"text-align: justify;\">La crainte qu\u2019ils inspirent \u00e0 leurs victimes leur permet en effet de se rassurer sur leur pouvoir et de minimiser leurs propres faiblesses. Plus la situation dure, plus les harceleurs se consid\u00e8rent dans leur bon droit, et deviennent incapable d\u2019\u00e9prouver de l\u2019empathie pour leur victime. Le silence des t\u00e9moins valide ce sentiment de l\u00e9gitimit\u00e9.<br \/>\nLeur pouvoir apparent peut donner envie \u00e0 leur entourage de s\u2019associer \u00e0 eux en prenant \u00e9galement le r\u00f4le de harceleur.<\/p>\n<p style=\"text-align: justify;\">\n<p style=\"text-align: justify;\"><strong>LES VICTIMES<\/strong><\/p>\n<p style=\"text-align: justify;\">Les victimes de harc\u00e8lement sont souvent incapables de se d\u00e9fendre face \u00e0 un agresseur plus puissant, en force ou en nombre.<br \/>\nFaibles et isol\u00e9es, vuln\u00e9rables, les victimes ne protestent ou ne d\u00e9noncent leurs agresseurs que rarement par :<\/p>\n<ul style=\"text-align: justify;\">\n<li>peur des repr\u00e9sailles<\/li>\n<li>honte d\u2019\u00e9voquer leurs m\u00e9saventures<\/li>\n<li>crainte de ne pas \u00eatre cru ou soutenu<\/li>\n<li>volont\u00e9 de se d\u00e9brouiller seul de ne pas passer pour \u00ab un gamin \u00bbou \u00ab une balance \u00bb<\/li>\n<\/ul>\n<p style=\"text-align: justify;\">Ce silence laisse la voie libre aux pratiques des agresseurs, qui restent impunis suite \u00e0 cela.<\/p>\n<p style=\"text-align: justify;\"><a href=\"http:\/\/kravmaga-lemans.com\/wp-content\/uploads\/2015\/03\/2013_harcelement_encadres_04.jpg\"><img loading=\"lazy\" decoding=\"async\" class=\"alignleft size-full wp-image-1494\" src=\"http:\/\/kravmaga-lemans.com\/wp-content\/uploads\/2015\/03\/2013_harcelement_encadres_04.jpg\" alt=\"2013_harcelement_encadres_04\" width=\"223\" height=\"246\" \/><\/a><\/p>\n<p style=\"text-align: justify;\">\n<p style=\"text-align: justify;\">\n<p style=\"text-align: justify;\">\n<p style=\"text-align: justify;\">\n<p style=\"text-align: justify;\">\n<p style=\"text-align: justify;\">\n<p style=\"text-align: justify;\"><strong>Mais plus encore, le silence a un impact sur l\u2019\u00e9tat psychologique des victimes :<\/strong><\/p>\n<ul style=\"text-align: justify;\">\n<li>Progressivement, les victimes vont d\u00e9velopper un sentiment de honte, de perte d\u2019estime de soi, puis de culpabilit\u00e9 en se sentant responsables des mauvais traitements subis. Elles vont \u00ab approuver \u00bb les pratiques de son (ses) agresseur(s), pensant que celles-ci sont justifi\u00e9es et l\u00e9gitimes, puisque tol\u00e9r\u00e9es ou encourag\u00e9es par tous les t\u00e9moins du harc\u00e8lement.<\/li>\n<li>Les victimes vont \u00e9galement d\u00e9velopper un sentiment d\u2019ins\u00e9curit\u00e9 permanent, aggrav\u00e9 par la r\u00e9gularit\u00e9 des intimidations physiques ou psychiques.<\/li>\n<li>Priv\u00e9e d\u2019empathie et de soutien, les victimes vont s\u2019enfoncer dans l\u2019isolement. Fragilis\u00e9es \u00e9motionnellement et psychologiquement, elles peuvent basculer dans des \u00e9tats d\u00e9pressifs graves, pouvant aller jusqu\u2019au d\u00e9veloppement de troubles du comportement et des sympt\u00f4mes suicidaires.<\/li>\n<\/ul>\n<p style=\"text-align: justify;\"><a href=\"http:\/\/kravmaga-lemans.com\/wp-content\/uploads\/2015\/03\/2013_harcelement_encadres_052.jpg\"><img loading=\"lazy\" decoding=\"async\" class=\"alignright size-full wp-image-1496\" src=\"http:\/\/kravmaga-lemans.com\/wp-content\/uploads\/2015\/03\/2013_harcelement_encadres_052.jpg\" alt=\"2013_harcelement_encadres_052\" width=\"223\" height=\"259\" \/><\/a><\/p>\n<p style=\"text-align: justify;\">\n<p style=\"text-align: justify;\">\n<p style=\"text-align: justify;\">\n<p style=\"text-align: justify;\">\n<p style=\"text-align: justify;\">\n<p style=\"text-align: justify;\">\n<p style=\"text-align: justify;\"><strong>LES T\u00c9MOINS<\/strong><\/p>\n<p style=\"text-align: justify;\">Le harc\u00e8lement \u00e0 l\u2019\u00c9cole est un ph\u00e9nom\u00e8ne de groupe, qui place la victime dans une situation d\u2019isolement.<br \/>\nLe harc\u00e8lement se maintient car il est soutenu et encourag\u00e9 par les t\u00e9moins ou cautionn\u00e9 par leur silence. Les t\u00e9moins peuvent \u00e9galement, par leur action, mettre fin \u00e0 une situation de harc\u00e8lement.<\/p>\n<p style=\"text-align: justify;\"><strong>On peut distinguer trois types de t\u00e9moins : <\/strong><\/p>\n<ul style=\"text-align: justify;\">\n<li>Le t\u00e9moin passif. Il ne participe pas directement aux violences, mais il ne s\u2019y oppose pas ou fait semblant de les ignorer. Par peur de devenir victime \u00e0 son tour, il pr\u00e9f\u00e8re ne pas attirer vers lui l\u2019attention de l\u2019agresseur.<\/li>\n<li>Le t\u00e9moin actif. Il encourage les situations de harc\u00e8lement ou y participe. Colportant des rumeurs, s\u2019associant aux moqueries ou \u00e0 des actes de violence, il veut affirmer son statut et son appartenance au groupe.<\/li>\n<li>Le t\u00e9moin agissant. Il intervient seul ou en groupe en d\u00e9fendant la victime et\/ou en faisant appel \u00e0 un adulte.<\/li>\n<\/ul>\n<p style=\"text-align: justify;\"><a href=\"http:\/\/kravmaga-lemans.com\/wp-content\/uploads\/2015\/03\/2013_harcelement_encadres_063.jpg\"><img loading=\"lazy\" decoding=\"async\" class=\"aligncenter size-full wp-image-1497\" src=\"http:\/\/kravmaga-lemans.com\/wp-content\/uploads\/2015\/03\/2013_harcelement_encadres_063.jpg\" alt=\"2013_harcelement_encadres_063\" width=\"223\" height=\"156\" \/><\/a><\/p>\n<p style=\"text-align: justify;\">\u00c0 l\u2019\u00e9cole, la personnalit\u00e9 de l\u2019enfant et de l\u2019adolescent se forge au contact de ses camarades. La recherche de l\u2019affirmation de soi, et de la construction de son identit\u00e9, le d\u00e9sir de se rallier \u00e0 un collectif sont tr\u00e8s forts.<\/p>\n<p style=\"text-align: justify;\">Pour mieux s\u2019identifier \u00e0 ses pairs, un \u00e9l\u00e8ve peut se laisser entrainer dans une dynamique de groupe. Si le groupe de pairs est un \u00e9l\u00e9ment de sociabilit\u00e9 ind\u00e9niable et le plus souvent protecteur, il peut parfois renforcer voire cr\u00e9er des situations propices au harc\u00e8lement L\u2019effet d\u2019entrainement et de conformit\u00e9 au groupe peut susciter des comportements et que les \u00e9l\u00e8ves ne cautionneraient pas n\u00e9cessairement individuellement.<\/p>\n<p style=\"text-align: justify;\">* Source : E. Debarbieux, enqu\u00eate en \u00e9cole \u00e9l\u00e9mentaire aupr\u00e8s d\u2019un \u00e9chantillon de 12 326 \u00e9l\u00e8ves au total dans 157 \u00e9coles : \u00ab Le taux de victimes d\u2019un harc\u00e8lement qui cumule violences r\u00e9p\u00e9t\u00e9es physiques et verbales \u00e0 l\u2019\u00e9cole peut \u00eatre estim\u00e9 \u00e0 11,7 % des \u00e9l\u00e8ves, compris entre 4,9 % d\u2019\u00e9l\u00e8ves victimes d\u2019un harc\u00e8lement s\u00e9v\u00e8re \u00e0 assez s\u00e9v\u00e8re et 6,7 % d\u2019\u00e9l\u00e8ves soumis \u00e0 un harc\u00e8lement mod\u00e9r\u00e9 \u00bb.<\/p>\n","protected":false},"excerpt":{"rendered":"<p>Le harc\u00e8lement est un ph\u00e9nom\u00e8ne de groupe qui r\u00e9unit toujours plusieurs acteurs : la victime, son ou ses agresseurs et les t\u00e9moins. Cette relation triangulaire entre victime, agresseur(s) et t\u00e9moins est centrale dans le maintien du harc\u00e8lement : Le(s) harceleur(s), &hellip; <a href=\"https:\/\/www.kravmaga-lemans.com\/?page_id=1485\">Continuer la lecture <span class=\"meta-nav\">&rarr;<\/span><\/a><\/p>\n","protected":false},"author":1,"featured_media":0,"parent":0,"menu_order":0,"comment_status":"closed","ping_status":"open","template":"","meta":{"footnotes":""},"class_list":["post-1485","page","type-page","status-publish","hentry"],"_links":{"self":[{"href":"https:\/\/www.kravmaga-lemans.com\/index.php?rest_route=\/wp\/v2\/pages\/1485","targetHints":{"allow":["GET"]}}],"collection":[{"href":"https:\/\/www.kravmaga-lemans.com\/index.php?rest_route=\/wp\/v2\/pages"}],"about":[{"href":"https:\/\/www.kravmaga-lemans.com\/index.php?rest_route=\/wp\/v2\/types\/page"}],"author":[{"embeddable":true,"href":"https:\/\/www.kravmaga-lemans.com\/index.php?rest_route=\/wp\/v2\/users\/1"}],"replies":[{"embeddable":true,"href":"https:\/\/www.kravmaga-lemans.com\/index.php?rest_route=%2Fwp%2Fv2%2Fcomments&post=1485"}],"version-history":[{"count":4,"href":"https:\/\/www.kravmaga-lemans.com\/index.php?rest_route=\/wp\/v2\/pages\/1485\/revisions"}],"predecessor-version":[{"id":1530,"href":"https:\/\/www.kravmaga-lemans.com\/index.php?rest_route=\/wp\/v2\/pages\/1485\/revisions\/1530"}],"wp:attachment":[{"href":"https:\/\/www.kravmaga-lemans.com\/index.php?rest_route=%2Fwp%2Fv2%2Fmedia&parent=1485"}],"curies":[{"name":"wp","href":"https:\/\/api.w.org\/{rel}","templated":true}]}}