{"id":1483,"date":"2015-03-12T18:11:13","date_gmt":"2015-03-12T17:11:13","guid":{"rendered":"http:\/\/www.kravmaga-lemans.com\/?page_id=1483"},"modified":"2015-03-12T19:09:17","modified_gmt":"2015-03-12T18:09:17","slug":"les-differentes-formes-de-harcelement","status":"publish","type":"page","link":"https:\/\/www.kravmaga-lemans.com\/?page_id=1483","title":{"rendered":"Les diff\u00e9rentes formes de harc\u00e8lement"},"content":{"rendered":"<h2 style=\"text-align: center;\"><\/h2>\n<h2><strong>LE HARC\u00c8LEMENT PHYSIQUE<\/strong><\/h2>\n<p><a href=\"http:\/\/kravmaga-lemans.com\/wp-content\/uploads\/2015\/03\/2013_harcelement_encadres_01.jpg\"><img loading=\"lazy\" decoding=\"async\" class=\"alignleft size-full wp-image-1492\" src=\"http:\/\/kravmaga-lemans.com\/wp-content\/uploads\/2015\/03\/2013_harcelement_encadres_01.jpg\" alt=\"2013_harcelement_encadres_01\" width=\"223\" height=\"233\" \/><\/a><\/p>\n<p>&nbsp;<\/p>\n<p>&nbsp;<\/p>\n<p>&nbsp;<\/p>\n<p>&nbsp;<\/p>\n<p>&nbsp;<\/p>\n<p style=\"text-align: justify;\"><strong>Cette forme de violence se traduit par :<\/strong><\/p>\n<ul style=\"text-align: justify;\">\n<li>des coups, pincements, tirage de cheveux\u2026<\/li>\n<li>des bousculades, jets d\u2019objets<\/li>\n<li>des bagarres organis\u00e9es par un ou plusieurs harceleurs<\/li>\n<li>des vols et du racket<\/li>\n<li>des d\u00e9gradations de mat\u00e9riel scolaire ou de v\u00eatements<\/li>\n<li>des enfermements dans une pi\u00e8ce<\/li>\n<li>des violences \u00e0 connotation sexuelle : voyeurisme dans les toilettes, d\u00e9shabillage et baisers forc\u00e9s, gestes d\u00e9plac\u00e9s\u2026<\/li>\n<li>des \u00ab jeux \u00bb dangereux effectu\u00e9s sous la contrainte<\/li>\n<\/ul>\n<p style=\"text-align: justify;\">\n<h1 style=\"text-align: justify;\"><strong>LE HARC\u00c8LEMENT MORAL<\/strong><\/h1>\n<p style=\"text-align: justify;\">\n<p style=\"text-align: justify;\">Ce type de violence \u2013 verbale, psychologique et symbolique \u2013 est plus discret que le harc\u00e8lement physique, et donc plus difficile \u00e0 d\u00e9tecter par les adultes.<\/p>\n<p style=\"text-align: justify;\"><strong>Il existe trois types de harc\u00e8lement moral : <\/strong><\/p>\n<ul style=\"text-align: justify;\">\n<li>le harc\u00e8lement verbal (exemple : insultes r\u00e9p\u00e9t\u00e9es)<\/li>\n<li>le harc\u00e8lement \u00e9motionnel (exemple : humiliation, chantage, ostracisme)<\/li>\n<li>le harc\u00e8lement sexuel (exemple : provocations sexuelles verbales, gestes d\u00e9plac\u00e9s)<\/li>\n<\/ul>\n<p style=\"text-align: justify;\"><a href=\"http:\/\/kravmaga-lemans.com\/wp-content\/uploads\/2015\/03\/2013_harcelement_encadres_031.jpg\"><img loading=\"lazy\" decoding=\"async\" class=\"aligncenter size-full wp-image-1495\" src=\"http:\/\/kravmaga-lemans.com\/wp-content\/uploads\/2015\/03\/2013_harcelement_encadres_031.jpg\" alt=\"2013_harcelement_encadres_031\" width=\"223\" height=\"258\" \/><\/a><\/p>\n<p style=\"text-align: justify;\"><strong>Cela peut \u00eatre : <\/strong><\/p>\n<ul>\n<li style=\"text-align: justify;\">l\u2019utilisation de surnoms d\u00e9valorisants<\/li>\n<li style=\"text-align: justify;\">des moqueries, insultes, menaces<\/li>\n<li style=\"text-align: justify;\">des humiliations, chantages<\/li>\n<li style=\"text-align: justify;\">des propagations de fausses rumeurs<\/li>\n<li style=\"text-align: justify;\">des pratiques de discrimination, d\u2019exclusion et de mise \u00e0 l\u2019\u00e9cart<\/li>\n<\/ul>\n","protected":false},"excerpt":{"rendered":"<p>LE HARC\u00c8LEMENT PHYSIQUE &nbsp; &nbsp; &nbsp; &nbsp; &nbsp; Cette forme de violence se traduit par : des coups, pincements, tirage de cheveux\u2026 des bousculades, jets d\u2019objets des bagarres organis\u00e9es par un ou plusieurs harceleurs des vols et du racket des &hellip; <a href=\"https:\/\/www.kravmaga-lemans.com\/?page_id=1483\">Continuer la lecture <span class=\"meta-nav\">&rarr;<\/span><\/a><\/p>\n","protected":false},"author":1,"featured_media":0,"parent":0,"menu_order":0,"comment_status":"closed","ping_status":"open","template":"","meta":{"footnotes":""},"class_list":["post-1483","page","type-page","status-publish","hentry"],"_links":{"self":[{"href":"https:\/\/www.kravmaga-lemans.com\/index.php?rest_route=\/wp\/v2\/pages\/1483","targetHints":{"allow":["GET"]}}],"collection":[{"href":"https:\/\/www.kravmaga-lemans.com\/index.php?rest_route=\/wp\/v2\/pages"}],"about":[{"href":"https:\/\/www.kravmaga-lemans.com\/index.php?rest_route=\/wp\/v2\/types\/page"}],"author":[{"embeddable":true,"href":"https:\/\/www.kravmaga-lemans.com\/index.php?rest_route=\/wp\/v2\/users\/1"}],"replies":[{"embeddable":true,"href":"https:\/\/www.kravmaga-lemans.com\/index.php?rest_route=%2Fwp%2Fv2%2Fcomments&post=1483"}],"version-history":[{"count":6,"href":"https:\/\/www.kravmaga-lemans.com\/index.php?rest_route=\/wp\/v2\/pages\/1483\/revisions"}],"predecessor-version":[{"id":1528,"href":"https:\/\/www.kravmaga-lemans.com\/index.php?rest_route=\/wp\/v2\/pages\/1483\/revisions\/1528"}],"wp:attachment":[{"href":"https:\/\/www.kravmaga-lemans.com\/index.php?rest_route=%2Fwp%2Fv2%2Fmedia&parent=1483"}],"curies":[{"name":"wp","href":"https:\/\/api.w.org\/{rel}","templated":true}]}}