{"id":1480,"date":"2015-03-12T18:20:24","date_gmt":"2015-03-12T17:20:24","guid":{"rendered":"http:\/\/www.kravmaga-lemans.com\/?page_id=1480"},"modified":"2015-03-12T19:10:07","modified_gmt":"2015-03-12T18:10:07","slug":"quest-ce-que-la-harcelement-en-milieu-scolaire","status":"publish","type":"page","link":"https:\/\/www.kravmaga-lemans.com\/?page_id=1480","title":{"rendered":"Qu&rsquo;est-ce que le harc\u00e8lement en milieu scolaire ?"},"content":{"rendered":"<h1 class=\"yt watch-title-container\"><a href=\"http:\/\/kravmaga-lemans.com\/wp-content\/uploads\/2015\/03\/1_1_reconnaitre_le_harcelement_78527280-200x300.jpg\"><img loading=\"lazy\" decoding=\"async\" class=\"size-full wp-image-1491 alignleft\" src=\"http:\/\/kravmaga-lemans.com\/wp-content\/uploads\/2015\/03\/1_1_reconnaitre_le_harcelement_78527280-200x300.jpg\" alt=\"1_1_reconnaitre_le_harcelement_78527280-200x300\" width=\"200\" height=\"300\" \/><\/a><\/h1>\n<p>&nbsp;<\/p>\n<p><em>Insultes, humiliations, mises \u00e0 l&rsquo;\u00e9cart, rumeurs, coups&#8230;<\/em><\/p>\n<p>inflig\u00e9s de fa\u00e7on <strong>R\u00c9P\u00c9T\u00c9E<\/strong>,<\/p>\n<p>sur une <strong>LONGUE P\u00c9RIODE<\/strong><\/p>\n<p>de la part d&rsquo;un ou plusieurs\u00a0<b>\u00c9L\u00c8VES<\/b>.<\/p>\n<p>&nbsp;<\/p>\n<p>&nbsp;<\/p>\n<p style=\"text-align: justify;\">Le harc\u00e8lement se d\u00e9finit comme une violence r\u00e9p\u00e9t\u00e9e qui peut \u00eatre verbale, physique ou psychologique. Cette violence se retrouve aussi au sein de l\u2019\u00e9cole. Elle est le fait d\u2019un ou de plusieurs \u00e9l\u00e8ves \u00e0 l\u2019encontre d\u2019une victime qui ne peut se d\u00e9fendre.<\/p>\n<p style=\"text-align: justify;\"><a href=\"http:\/\/kravmaga-lemans.com\/wp-content\/uploads\/2015\/03\/2013_harcelement_encadres_2.jpg\"><img loading=\"lazy\" decoding=\"async\" class=\"alignleft size-full wp-image-1493\" src=\"http:\/\/kravmaga-lemans.com\/wp-content\/uploads\/2015\/03\/2013_harcelement_encadres_2.jpg\" alt=\"2013_harcelement_encadres_2\" width=\"223\" height=\"335\" srcset=\"http:\/\/kravmaga-lemans.com\/wp-content\/uploads\/2015\/03\/2013_harcelement_encadres_2.jpg 223w, http:\/\/kravmaga-lemans.com\/wp-content\/uploads\/2015\/03\/2013_harcelement_encadres_2-199x300.jpg 199w\" sizes=\"auto, (max-width: 223px) 100vw, 223px\" \/><\/a><\/p>\n<p style=\"text-align: justify;\">Lorsqu\u2019un enfant est insult\u00e9, menac\u00e9, battu, bouscul\u00e9 ou re\u00e7oit des messages injurieux \u00e0 r\u00e9p\u00e9tition, on parle donc de harc\u00e8lement.<\/p>\n<p style=\"text-align: justify;\"><strong>Les 3 caract\u00e9ristiques du harc\u00e8lement en milieu scolaire :<\/strong><\/p>\n<ul style=\"text-align: justify;\">\n<li><strong>La violence<\/strong> : c\u2019est un rapport de force et de domination entre un ou plusieurs \u00e9l\u00e8ves et une ou plusieurs victimes.<\/li>\n<li><strong>La r\u00e9p\u00e9titivit\u00e9<\/strong> : il s\u2019agit d\u2019agressions qui se r\u00e9p\u00e8tent r\u00e9guli\u00e8rement durant une longue p\u00e9riode.<\/li>\n<li><strong>L\u2019isolement de la victime<\/strong> : la victime est souvent isol\u00e9e, plus petite, faible physiquement, et dans l\u2019incapacit\u00e9 de se d\u00e9fendre.<\/li>\n<\/ul>\n<p style=\"text-align: justify;\"><strong>Le harc\u00e8lement se fonde sur le rejet de la diff\u00e9rence et sur la stigmatisation de certaines caract\u00e9ristiques, telles que :<\/strong><\/p>\n<ul style=\"text-align: justify;\">\n<li>L\u2019apparence physique (poids, taille, couleur ou type de cheveux)<\/li>\n<li>Le sexe, l\u2019identit\u00e9 de genre (gar\u00e7on jug\u00e9 trop eff\u00e9min\u00e9, fille jug\u00e9e trop masculine, sexisme), orientation sexuelle ou suppos\u00e9e<\/li>\n<li>Un handicap (physique, psychique ou mental)<\/li>\n<li>Un trouble de la communication qui affecte la parole (b\u00e9gaiement\/bredouillement)<\/li>\n<li>L\u2019appartenance \u00e0 un groupe social ou culturel particulier<\/li>\n<li>Des centres d\u2019int\u00e9r\u00eats diff\u00e9rents<\/li>\n<\/ul>\n<p style=\"text-align: justify;\">Le harc\u00e8lement rev\u00eat des aspects diff\u00e9rents en fonction de l\u2019\u00e2ge et du sexe.<\/p>\n<p style=\"text-align: justify;\">Les risques de harc\u00e8lement sont plus grands en fin d\u2019\u00e9cole primaire et au coll\u00e8ge.<\/p>\n<p style=\"text-align: justify;\">Si le harc\u00e8lement touche des \u00e9l\u00e8ves en particulier, il s\u2019inscrit dans un contexte plus large qu\u2019il est indispensable de prendre en compte.<\/p>\n<p style=\"text-align: justify;\"><strong>Le harc\u00e8lement se d\u00e9veloppe en particulier :<\/strong><\/p>\n<ul style=\"text-align: justify;\">\n<li>Lorsque le climat scolaire de l\u2019\u00e9tablissement est d\u00e9grad\u00e9 : les adultes doivent cr\u00e9er les conditions pour que l\u2019ambiance dans l\u2019\u00e9tablissement soit propice \u00e0 de bonnes relations entre les \u00e9l\u00e8ves et entre les adultes et les \u00e9l\u00e8ves.<\/li>\n<li>Lorsque les situations de harc\u00e8lement sont mal identifi\u00e9es par l\u2019\u00e9quipe \u00e9ducative : il est indispensable que les parents et les \u00e9l\u00e8ves ne soient pas d\u00e9munis face au signalement d\u2019une situation de harc\u00e8lement et que les sanctions soient adapt\u00e9es et \u00e9ducatives.<\/li>\n<\/ul>\n<p style=\"text-align: justify;\">\n","protected":false},"excerpt":{"rendered":"<p>&nbsp; Insultes, humiliations, mises \u00e0 l&rsquo;\u00e9cart, rumeurs, coups&#8230; inflig\u00e9s de fa\u00e7on R\u00c9P\u00c9T\u00c9E, sur une LONGUE P\u00c9RIODE de la part d&rsquo;un ou plusieurs\u00a0\u00c9L\u00c8VES. &nbsp; &nbsp; Le harc\u00e8lement se d\u00e9finit comme une violence r\u00e9p\u00e9t\u00e9e qui peut \u00eatre verbale, physique ou psychologique. Cette &hellip; <a href=\"https:\/\/www.kravmaga-lemans.com\/?page_id=1480\">Continuer la lecture <span class=\"meta-nav\">&rarr;<\/span><\/a><\/p>\n","protected":false},"author":1,"featured_media":0,"parent":0,"menu_order":0,"comment_status":"closed","ping_status":"open","template":"","meta":{"footnotes":""},"class_list":["post-1480","page","type-page","status-publish","hentry"],"_links":{"self":[{"href":"https:\/\/www.kravmaga-lemans.com\/index.php?rest_route=\/wp\/v2\/pages\/1480","targetHints":{"allow":["GET"]}}],"collection":[{"href":"https:\/\/www.kravmaga-lemans.com\/index.php?rest_route=\/wp\/v2\/pages"}],"about":[{"href":"https:\/\/www.kravmaga-lemans.com\/index.php?rest_route=\/wp\/v2\/types\/page"}],"author":[{"embeddable":true,"href":"https:\/\/www.kravmaga-lemans.com\/index.php?rest_route=\/wp\/v2\/users\/1"}],"replies":[{"embeddable":true,"href":"https:\/\/www.kravmaga-lemans.com\/index.php?rest_route=%2Fwp%2Fv2%2Fcomments&post=1480"}],"version-history":[{"count":4,"href":"https:\/\/www.kravmaga-lemans.com\/index.php?rest_route=\/wp\/v2\/pages\/1480\/revisions"}],"predecessor-version":[{"id":1529,"href":"https:\/\/www.kravmaga-lemans.com\/index.php?rest_route=\/wp\/v2\/pages\/1480\/revisions\/1529"}],"wp:attachment":[{"href":"https:\/\/www.kravmaga-lemans.com\/index.php?rest_route=%2Fwp%2Fv2%2Fmedia&parent=1480"}],"curies":[{"name":"wp","href":"https:\/\/api.w.org\/{rel}","templated":true}]}}