{"id":1243,"date":"2014-07-13T13:12:39","date_gmt":"2014-07-13T11:12:39","guid":{"rendered":"http:\/\/www.kravmaga-lemans.com\/?page_id=1243"},"modified":"2019-07-08T15:55:16","modified_gmt":"2019-07-08T13:55:16","slug":"les-professeurs","status":"publish","type":"page","link":"https:\/\/www.kravmaga-lemans.com\/?page_id=1243","title":{"rendered":"Les Instructeurs"},"content":{"rendered":"<p>Les enseignants de L\u2019<b>A<\/b>cad\u00e9mie de <b>K<\/b>rav <b>M<\/b>aga (<b>A.K.M.)<\/b>\u00a0sont tous dipl\u00f4m\u00e9s et grad\u00e9s pour vous permettre d&rsquo;avoir un enseignement de qualit\u00e9<\/p>\n<p>Son fondateur Ma\u00eetre Karim MAHAOUI est dipl\u00f4m\u00e9 d\u2019\u00c9tat (D.E.J.E.P.S.) et 4\u00e8me DAN de KRAV MAGA FFK. Il a form\u00e9 ses 5 assistants J\u00e9r\u00f4me CUNAULT 3\u00e8me DAN de KRAV MAGA FFK, J\u00e9r\u00e9my LEBRUN, Allan PIAU, Jean-Louis PIAU, S\u00e9bastien BONNET tous les 4 1er Dan FFK.<\/p>\n<p><a href=\"http:\/\/kravmaga-lemans.com\/wp-content\/uploads\/2016\/07\/KM.jpg\"><img loading=\"lazy\" decoding=\"async\" class=\"aligncenter size-full wp-image-1860\" src=\"http:\/\/kravmaga-lemans.com\/wp-content\/uploads\/2016\/07\/KM.jpg\" alt=\"KM\" width=\"96\" height=\"135\" \/><\/a><\/p>\n<p style=\"text-align: center;\"><strong>Ma\u00eetre Karim MAHAOUI &#8211; INSTRUCTEUR PRINCIPAL KRAV MAGA CN 4\u00e8me DAN FFK<\/strong><\/p>\n<p style=\"text-align: center;\">&#8212;<\/p>\n<p><a href=\"http:\/\/kravmaga-lemans.com\/wp-content\/uploads\/2014\/07\/photo-j\u00e9rome.png\"><img loading=\"lazy\" decoding=\"async\" class=\"aligncenter wp-image-1650\" src=\"http:\/\/kravmaga-lemans.com\/wp-content\/uploads\/2014\/07\/photo-j\u00e9rome.png\" alt=\"photo j\u00e9rome\" width=\"124\" height=\"154\" \/><\/a><\/p>\n<p><b>JEROME CUNAULT &#8211; INSTRUCTEUR KRAV MAGA CN 3\u00e8me DAN FFK<\/b><\/p>\n<p style=\"text-align: center;\">&#8212;<\/p>\n<p><a href=\"http:\/\/kravmaga-lemans.com\/wp-content\/uploads\/2017\/07\/j\u00e9r\u00e9my.png\"><br \/>\n<img loading=\"lazy\" decoding=\"async\" class=\"aligncenter wp-image-1943\" src=\"http:\/\/kravmaga-lemans.com\/wp-content\/uploads\/2017\/07\/j\u00e9r\u00e9my-205x300.png\" alt=\"\" width=\"125\" height=\"183\" srcset=\"http:\/\/kravmaga-lemans.com\/wp-content\/uploads\/2017\/07\/j\u00e9r\u00e9my-205x300.png 205w, http:\/\/kravmaga-lemans.com\/wp-content\/uploads\/2017\/07\/j\u00e9r\u00e9my-699x1024.png 699w, http:\/\/kravmaga-lemans.com\/wp-content\/uploads\/2017\/07\/j\u00e9r\u00e9my.png 888w\" sizes=\"auto, (max-width: 125px) 100vw, 125px\" \/><\/a><\/p>\n<p><b>JEREMY LEBRUN &#8211; INSTRUCTEUR KRAV MAGA CN 1er DAN FFK<\/b><\/p>\n<hr \/>\n<p>&nbsp;<\/p>\n<p>&nbsp;<\/p>\n<p>&nbsp;<\/p>\n<p>&nbsp;<\/p>\n","protected":false},"excerpt":{"rendered":"<p>Les enseignants de L\u2019Acad\u00e9mie de Krav Maga (A.K.M.)\u00a0sont tous dipl\u00f4m\u00e9s et grad\u00e9s pour vous permettre d&rsquo;avoir un enseignement de qualit\u00e9 Son fondateur Ma\u00eetre Karim MAHAOUI est dipl\u00f4m\u00e9 d\u2019\u00c9tat (D.E.J.E.P.S.) et 4\u00e8me DAN de KRAV MAGA FFK. Il a form\u00e9 ses &hellip; <a href=\"https:\/\/www.kravmaga-lemans.com\/?page_id=1243\">Continuer la lecture <span class=\"meta-nav\">&rarr;<\/span><\/a><\/p>\n","protected":false},"author":1,"featured_media":0,"parent":0,"menu_order":0,"comment_status":"closed","ping_status":"open","template":"","meta":{"footnotes":""},"class_list":["post-1243","page","type-page","status-publish","hentry"],"_links":{"self":[{"href":"https:\/\/www.kravmaga-lemans.com\/index.php?rest_route=\/wp\/v2\/pages\/1243","targetHints":{"allow":["GET"]}}],"collection":[{"href":"https:\/\/www.kravmaga-lemans.com\/index.php?rest_route=\/wp\/v2\/pages"}],"about":[{"href":"https:\/\/www.kravmaga-lemans.com\/index.php?rest_route=\/wp\/v2\/types\/page"}],"author":[{"embeddable":true,"href":"https:\/\/www.kravmaga-lemans.com\/index.php?rest_route=\/wp\/v2\/users\/1"}],"replies":[{"embeddable":true,"href":"https:\/\/www.kravmaga-lemans.com\/index.php?rest_route=%2Fwp%2Fv2%2Fcomments&post=1243"}],"version-history":[{"count":13,"href":"https:\/\/www.kravmaga-lemans.com\/index.php?rest_route=\/wp\/v2\/pages\/1243\/revisions"}],"predecessor-version":[{"id":2086,"href":"https:\/\/www.kravmaga-lemans.com\/index.php?rest_route=\/wp\/v2\/pages\/1243\/revisions\/2086"}],"wp:attachment":[{"href":"https:\/\/www.kravmaga-lemans.com\/index.php?rest_route=%2Fwp%2Fv2%2Fmedia&parent=1243"}],"curies":[{"name":"wp","href":"https:\/\/api.w.org\/{rel}","templated":true}]}}