{"id":1201,"date":"2014-07-12T17:52:47","date_gmt":"2014-07-12T15:52:47","guid":{"rendered":"http:\/\/www.kravmaga-lemans.com\/?page_id=1201"},"modified":"2016-01-22T19:03:27","modified_gmt":"2016-01-22T18:03:27","slug":"krav-maga-sante-le-krav-maga-adapte-aux-seniors","status":"publish","type":"page","link":"https:\/\/www.kravmaga-lemans.com\/?page_id=1201","title":{"rendered":"KRAV MAGA &#038; S\u00c9NIORS"},"content":{"rendered":"<h1 style=\"text-align: center;\"><strong><span style=\"color: #ff6600;\">LE KRAV MAGA EST UN ART MARTIAL ADAPT\u00c9 AUSSI AUX S\u00c9NIORS<\/span><\/strong><\/h1>\n<p style=\"text-align: center;\"><span style=\"color: #ff6600;\"><strong>L&rsquo;ART DE BIEN VIEILLIR<\/strong><\/span><\/p>\n<p style=\"text-align: center;\"><a href=\"http:\/\/kravmaga-lemans.com\/wp-content\/uploads\/2014\/07\/images-2.jpg\"><img loading=\"lazy\" decoding=\"async\" class=\"aligncenter size-full wp-image-1219\" src=\"http:\/\/kravmaga-lemans.com\/wp-content\/uploads\/2014\/07\/images-2.jpg\" alt=\"images 2\" width=\"285\" height=\"177\" \/><\/a><\/p>\n<p style=\"text-align: left;\">Vous avez plus de 60 ans et voulez continuer \u00e0 faire du sport ?<\/p>\n<p>Le Krav Maga va vous ouvrir des horizons.<\/p>\n<p style=\"text-align: center;\"><strong>* * * * *<\/strong><\/p>\n<p align=\"center\"><strong>Horaires et Localisations :\u00a0<\/strong>plus de d\u00e9tails en cliquant sur<strong>\u00a0<a href=\"http:\/\/www.kravmaga-lemans.com\/?page_id=996\">CE LIEN<\/a><\/strong><\/p>\n<p align=\"center\"><strong>Tarifs<\/strong>\u00a0:\u00a0plus de d\u00e9tails en cliquant sur\u00a0<strong><a href=\"http:\/\/www.kravmaga-lemans.com\/?page_id=998\">CE LIEN<\/a><\/strong><\/p>\n<p align=\"center\"><strong>* * * * *<\/strong><\/p>\n<p><strong>Self d\u00e9fense<\/strong><\/p>\n<p><strong>\u00c9panouissement personnel\u00a0<\/strong><\/p>\n<p><strong>Gymnastique du corps<\/strong><\/p>\n<p><a href=\"http:\/\/kravmaga-lemans.com\/wp-content\/uploads\/2014\/07\/t\u00e9l\u00e9chargement.jpg\"><img loading=\"lazy\" decoding=\"async\" class=\"size-full wp-image-1221 alignleft\" src=\"http:\/\/kravmaga-lemans.com\/wp-content\/uploads\/2014\/07\/t\u00e9l\u00e9chargement.jpg\" alt=\"t\u00e9l\u00e9chargement\" width=\"96\" height=\"193\" \/><\/a><\/p>\n<p style=\"text-align: center;\"><span style=\"color: #ff6600;\"><strong>Un esprit<\/strong><\/span><\/p>\n<p style=\"text-align: center;\"><strong>\u00a0 \u00a0 \u00a0 \u00a0 \u00a0 \u00a0 \u00a0 \u00a0 \u00a0 \u00a0 \u00a0 Zen<\/strong><\/p>\n<p style=\"text-align: center;\"><strong><span style=\"color: #ff6600;\">\u00a0 \u00a0 \u00a0dans un corps<\/span><\/strong><\/p>\n<p style=\"text-align: center;\"><strong>\u00a0 \u00a0 \u00a0 \u00a0 \u00a0 \u00a0 \u00a0 \u00a0 \u00a0 \u00a0 \u00a0 \u00a0 \u00a0 \u00a0 \u00a0 \u00a0 \u00a0 \u00a0 \u00a0 \u00a0 \u00a0Sain<\/strong><\/p>\n<p style=\"text-align: center;\"><a href=\"http:\/\/kravmaga-lemans.com\/wp-content\/uploads\/2014\/07\/images-1.jpg\"><img loading=\"lazy\" decoding=\"async\" class=\"aligncenter size-full wp-image-1218\" src=\"http:\/\/kravmaga-lemans.com\/wp-content\/uploads\/2014\/07\/images-1.jpg\" alt=\"images 1\" width=\"251\" height=\"201\" \/><\/a><\/p>\n<pre style=\"text-align: left;\"><strong>Les bienfaits pour votre sant\u00e9<\/strong><\/pre>\n<p style=\"text-align: right;\"><strong>Accessible, la pratique du krav maga<\/strong><br \/>\n<strong> est tr\u00e8s diversifi\u00e9e et permet \u00e0<\/strong><br \/>\n<strong> chacun de trouver l&rsquo;activit\u00e9<\/strong><br \/>\n<strong> sportive qui lui convient.<\/strong><\/p>\n<p style=\"text-align: center;\"><a href=\"http:\/\/kravmaga-lemans.com\/wp-content\/uploads\/2014\/07\/act-physique-complete.jpg\"><img loading=\"lazy\" decoding=\"async\" class=\"aligncenter size-full wp-image-1209\" src=\"http:\/\/kravmaga-lemans.com\/wp-content\/uploads\/2014\/07\/act-physique-complete.jpg\" alt=\"act physique complete\" width=\"960\" height=\"720\" srcset=\"http:\/\/kravmaga-lemans.com\/wp-content\/uploads\/2014\/07\/act-physique-complete.jpg 960w, http:\/\/kravmaga-lemans.com\/wp-content\/uploads\/2014\/07\/act-physique-complete-300x225.jpg 300w, http:\/\/kravmaga-lemans.com\/wp-content\/uploads\/2014\/07\/act-physique-complete-400x300.jpg 400w\" sizes=\"auto, (max-width: 960px) 100vw, 960px\" \/><\/a><\/p>\n<pre style=\"text-align: left;\"><strong>Une pratique en toute s\u00e9curit\u00e9\u00a0<\/strong><\/pre>\n<p style=\"text-align: right;\"><strong>Avec partenaire, le<\/strong><br \/>\n<strong> krav maga se pratique en toute<\/strong><br \/>\n<strong> s\u00e9curit\u00e9 dans notre Acad\u00e9mie.<\/strong><\/p>\n<p style=\"text-align: right;\"><a style=\"text-align: center;\" href=\"http:\/\/kravmaga-lemans.com\/wp-content\/uploads\/2014\/07\/pratique-en-tte-s\u00e9curit\u00e9.jpg\"><img loading=\"lazy\" decoding=\"async\" class=\"aligncenter size-full wp-image-1211\" src=\"http:\/\/kravmaga-lemans.com\/wp-content\/uploads\/2014\/07\/pratique-en-tte-s\u00e9curit\u00e9.jpg\" alt=\"pratique en tte s\u00e9curit\u00e9\" width=\"960\" height=\"720\" srcset=\"http:\/\/kravmaga-lemans.com\/wp-content\/uploads\/2014\/07\/pratique-en-tte-s\u00e9curit\u00e9.jpg 960w, http:\/\/kravmaga-lemans.com\/wp-content\/uploads\/2014\/07\/pratique-en-tte-s\u00e9curit\u00e9-300x225.jpg 300w, http:\/\/kravmaga-lemans.com\/wp-content\/uploads\/2014\/07\/pratique-en-tte-s\u00e9curit\u00e9-400x300.jpg 400w\" sizes=\"auto, (max-width: 960px) 100vw, 960px\" \/><\/a><\/p>\n<p style=\"text-align: center;\"><strong>Dans un esprit de convivialit\u00e9, la pratique en club peut-\u00eatre un moyen de\u00a0<\/strong><strong>socialisation et de rencontres.\u00a0<\/strong><strong>Avoir plus d\u2019assurance, s\u2019\u00e9panouir et s\u2019accomplir \u00e0 travers l\u2019activit\u00e9, le krav maga est\u00a0d\u2019auto-d\u00e9fense.<\/strong><\/p>\n<p style=\"text-align: center;\"><a href=\"http:\/\/kravmaga-lemans.com\/wp-content\/uploads\/2014\/07\/images-3.jpg\"><img loading=\"lazy\" decoding=\"async\" class=\"aligncenter size-full wp-image-1220\" src=\"http:\/\/kravmaga-lemans.com\/wp-content\/uploads\/2014\/07\/images-3.jpg\" alt=\"images 3\" width=\"192\" height=\"161\" \/><\/a><\/p>\n","protected":false},"excerpt":{"rendered":"<p>LE KRAV MAGA EST UN ART MARTIAL ADAPT\u00c9 AUSSI AUX S\u00c9NIORS L&rsquo;ART DE BIEN VIEILLIR Vous avez plus de 60 ans et voulez continuer \u00e0 faire du sport ? Le Krav Maga va vous ouvrir des horizons. * * * &hellip; <a href=\"https:\/\/www.kravmaga-lemans.com\/?page_id=1201\">Continuer la lecture <span class=\"meta-nav\">&rarr;<\/span><\/a><\/p>\n","protected":false},"author":1,"featured_media":0,"parent":0,"menu_order":0,"comment_status":"closed","ping_status":"open","template":"","meta":{"footnotes":""},"class_list":["post-1201","page","type-page","status-publish","hentry"],"_links":{"self":[{"href":"https:\/\/www.kravmaga-lemans.com\/index.php?rest_route=\/wp\/v2\/pages\/1201","targetHints":{"allow":["GET"]}}],"collection":[{"href":"https:\/\/www.kravmaga-lemans.com\/index.php?rest_route=\/wp\/v2\/pages"}],"about":[{"href":"https:\/\/www.kravmaga-lemans.com\/index.php?rest_route=\/wp\/v2\/types\/page"}],"author":[{"embeddable":true,"href":"https:\/\/www.kravmaga-lemans.com\/index.php?rest_route=\/wp\/v2\/users\/1"}],"replies":[{"embeddable":true,"href":"https:\/\/www.kravmaga-lemans.com\/index.php?rest_route=%2Fwp%2Fv2%2Fcomments&post=1201"}],"version-history":[{"count":17,"href":"https:\/\/www.kravmaga-lemans.com\/index.php?rest_route=\/wp\/v2\/pages\/1201\/revisions"}],"predecessor-version":[{"id":1581,"href":"https:\/\/www.kravmaga-lemans.com\/index.php?rest_route=\/wp\/v2\/pages\/1201\/revisions\/1581"}],"wp:attachment":[{"href":"https:\/\/www.kravmaga-lemans.com\/index.php?rest_route=%2Fwp%2Fv2%2Fmedia&parent=1201"}],"curies":[{"name":"wp","href":"https:\/\/api.w.org\/{rel}","templated":true}]}}