{"id":1858,"date":"2016-07-20T17:33:09","date_gmt":"2016-07-20T15:33:09","guid":{"rendered":"http:\/\/www.kravmaga-lemans.com\/?page_id=1858"},"modified":"2024-08-12T14:22:09","modified_gmt":"2024-08-12T12:22:09","slug":"yvre-leveque","status":"publish","type":"page","link":"http:\/\/www.kravmaga-lemans.com\/?page_id=1858","title":{"rendered":"Yvr\u00e9 L&rsquo;Ev\u00eaque"},"content":{"rendered":"<p>Tous les Mercredis d\u00e8s 12 ans<\/p>\n<p>19h00 &#8211; 20h15<\/p>\n<p>Votre instructeur Fr\u00e9d\u00e9ric &#8211; 1er Dan FFK<\/p>\n<p>&nbsp;<\/p>\n<p><strong>La Palestre de l&rsquo;Ormeau RN 23 &#8211; 72530 Yvr\u00e9 l&rsquo;Ev\u00eaque<\/strong><\/p>\n<p><a href=\"http:\/\/kravmaga-lemans.com\/wp-content\/uploads\/2013\/08\/yvr\u00e9.jpg\"><img loading=\"lazy\" decoding=\"async\" class=\" size-medium wp-image-1816 aligncenter\" src=\"http:\/\/kravmaga-lemans.com\/wp-content\/uploads\/2013\/08\/yvr\u00e9-300x186.jpg\" alt=\"yvr\u00e9\" width=\"300\" height=\"186\" srcset=\"http:\/\/kravmaga-lemans.com\/wp-content\/uploads\/2013\/08\/yvr\u00e9-300x186.jpg 300w, http:\/\/kravmaga-lemans.com\/wp-content\/uploads\/2013\/08\/yvr\u00e9-485x300.jpg 485w, http:\/\/kravmaga-lemans.com\/wp-content\/uploads\/2013\/08\/yvr\u00e9.jpg 650w\" sizes=\"auto, (max-width: 300px) 100vw, 300px\" \/><\/a><\/p>\n<p>&nbsp;<\/p>\n<p>&nbsp;<\/p>\n<p>&nbsp;<\/p>\n","protected":false},"excerpt":{"rendered":"<p>Tous les Mercredis d\u00e8s 12 ans 19h00 &#8211; 20h15 Votre instructeur Fr\u00e9d\u00e9ric &#8211; 1er Dan FFK &nbsp; La Palestre de l&rsquo;Ormeau RN 23 &#8211; 72530 Yvr\u00e9 l&rsquo;Ev\u00eaque &nbsp; &nbsp; &nbsp;<\/p>\n","protected":false},"author":1,"featured_media":0,"parent":0,"menu_order":0,"comment_status":"closed","ping_status":"open","template":"","meta":{"footnotes":""},"class_list":["post-1858","page","type-page","status-publish","hentry"],"_links":{"self":[{"href":"http:\/\/www.kravmaga-lemans.com\/index.php?rest_route=\/wp\/v2\/pages\/1858","targetHints":{"allow":["GET"]}}],"collection":[{"href":"http:\/\/www.kravmaga-lemans.com\/index.php?rest_route=\/wp\/v2\/pages"}],"about":[{"href":"http:\/\/www.kravmaga-lemans.com\/index.php?rest_route=\/wp\/v2\/types\/page"}],"author":[{"embeddable":true,"href":"http:\/\/www.kravmaga-lemans.com\/index.php?rest_route=\/wp\/v2\/users\/1"}],"replies":[{"embeddable":true,"href":"http:\/\/www.kravmaga-lemans.com\/index.php?rest_route=%2Fwp%2Fv2%2Fcomments&post=1858"}],"version-history":[{"count":5,"href":"http:\/\/www.kravmaga-lemans.com\/index.php?rest_route=\/wp\/v2\/pages\/1858\/revisions"}],"predecessor-version":[{"id":2264,"href":"http:\/\/www.kravmaga-lemans.com\/index.php?rest_route=\/wp\/v2\/pages\/1858\/revisions\/2264"}],"wp:attachment":[{"href":"http:\/\/www.kravmaga-lemans.com\/index.php?rest_route=%2Fwp%2Fv2%2Fmedia&parent=1858"}],"curies":[{"name":"wp","href":"https:\/\/api.w.org\/{rel}","templated":true}]}}